{"id":222,"date":"2023-02-02T15:39:46","date_gmt":"2023-02-02T18:39:46","guid":{"rendered":"https:\/\/mapasolucoes.com\/?page_id=222"},"modified":"2023-02-28T15:31:41","modified_gmt":"2023-02-28T18:31:41","slug":"servicos-credito-bancario","status":"publish","type":"page","link":"https:\/\/mapasolucoes.com\/index.php\/servicos-credito-bancario\/","title":{"rendered":"[Servi\u00e7os] &#8211; CR\u00c9DITO BANC\u00c1RIO"},"content":{"rendered":"\t\t<div data-elementor-type=\"wp-page\" data-elementor-id=\"222\" class=\"elementor elementor-222\" data-elementor-post-type=\"page\">\n\t\t\t\t\t\t\t\t\t<section class=\"elementor-section elementor-top-section elementor-element elementor-element-13ab1138 elementor-section-boxed elementor-section-height-default elementor-section-height-default\" data-id=\"13ab1138\" data-element_type=\"section\">\n\t\t\t\t\t\t<div class=\"elementor-container elementor-column-gap-default\">\n\t\t\t\t\t<div class=\"elementor-column elementor-col-100 elementor-top-column elementor-element elementor-element-7916199\" data-id=\"7916199\" data-element_type=\"column\">\n\t\t\t<div class=\"elementor-widget-wrap elementor-element-populated\">\n\t\t\t\t\t\t\t\t<div class=\"elementor-element elementor-element-29491d4b elementor-widget elementor-widget-image\" data-id=\"29491d4b\" data-element_type=\"widget\" data-widget_type=\"image.default\">\n\t\t\t\t<div class=\"elementor-widget-container\">\n\t\t\t<style>\/*! elementor - v3.17.0 - 08-11-2023 *\/\n.elementor-widget-image{text-align:center}.elementor-widget-image a{display:inline-block}.elementor-widget-image a img[src$=\".svg\"]{width:48px}.elementor-widget-image img{vertical-align:middle;display:inline-block}<\/style>\t\t\t\t\t\t\t\t\t\t\t\t<img loading=\"lazy\" decoding=\"async\" width=\"214\" height=\"261\" src=\"https:\/\/mapasolucoes.com\/wp-content\/uploads\/2023\/01\/BANC-1.png\" class=\"attachment-medium size-medium wp-image-100\" alt=\"\" \/>\t\t\t\t\t\t\t\t\t\t\t\t\t\t\t<\/div>\n\t\t\t\t<\/div>\n\t\t\t\t\t<\/div>\n\t\t<\/div>\n\t\t\t\t\t\t\t<\/div>\n\t\t<\/section>\n\t\t\t\t<section class=\"elementor-section elementor-top-section elementor-element elementor-element-152880d3 elementor-section-boxed elementor-section-height-default elementor-section-height-default\" data-id=\"152880d3\" data-element_type=\"section\">\n\t\t\t\t\t\t<div class=\"elementor-container elementor-column-gap-default\">\n\t\t\t\t\t<div class=\"elementor-column elementor-col-100 elementor-top-column elementor-element elementor-element-62c00e96\" data-id=\"62c00e96\" data-element_type=\"column\">\n\t\t\t<div class=\"elementor-widget-wrap elementor-element-populated\">\n\t\t\t\t\t\t\t\t<section class=\"elementor-section elementor-inner-section elementor-element elementor-element-632fd205 elementor-section-boxed elementor-section-height-default elementor-section-height-default\" data-id=\"632fd205\" data-element_type=\"section\">\n\t\t\t\t\t\t<div class=\"elementor-container elementor-column-gap-default\">\n\t\t\t\t\t<div class=\"elementor-column elementor-col-50 elementor-inner-column elementor-element elementor-element-2f36142\" data-id=\"2f36142\" data-element_type=\"column\">\n\t\t\t<div class=\"elementor-widget-wrap elementor-element-populated\">\n\t\t\t\t\t\t\t\t<div class=\"elementor-element elementor-element-69793239 elementor-widget elementor-widget-image\" data-id=\"69793239\" data-element_type=\"widget\" data-widget_type=\"image.default\">\n\t\t\t\t<div class=\"elementor-widget-container\">\n\t\t\t\t\t\t\t\t\t\t\t\t\t\t\t<img loading=\"lazy\" decoding=\"async\" width=\"800\" height=\"534\" src=\"https:\/\/mapasolucoes.com\/wp-content\/uploads\/2023\/02\/dmitry-demidko-eBWzFKahEaU-unsplash-1024x683.jpg\" class=\"attachment-large size-large wp-image-224\" alt=\"\" srcset=\"https:\/\/mapasolucoes.com\/wp-content\/uploads\/2023\/02\/dmitry-demidko-eBWzFKahEaU-unsplash-1024x683.jpg 1024w, https:\/\/mapasolucoes.com\/wp-content\/uploads\/2023\/02\/dmitry-demidko-eBWzFKahEaU-unsplash-300x200.jpg 300w, https:\/\/mapasolucoes.com\/wp-content\/uploads\/2023\/02\/dmitry-demidko-eBWzFKahEaU-unsplash-768x512.jpg 768w, https:\/\/mapasolucoes.com\/wp-content\/uploads\/2023\/02\/dmitry-demidko-eBWzFKahEaU-unsplash-1536x1024.jpg 1536w, https:\/\/mapasolucoes.com\/wp-content\/uploads\/2023\/02\/dmitry-demidko-eBWzFKahEaU-unsplash-2048x1365.jpg 2048w\" sizes=\"auto, (max-width: 800px) 100vw, 800px\" \/>\t\t\t\t\t\t\t\t\t\t\t\t\t\t\t<\/div>\n\t\t\t\t<\/div>\n\t\t\t\t\t<\/div>\n\t\t<\/div>\n\t\t\t\t<div class=\"elementor-column elementor-col-50 elementor-inner-column elementor-element elementor-element-2e99f86f\" data-id=\"2e99f86f\" data-element_type=\"column\">\n\t\t\t<div class=\"elementor-widget-wrap elementor-element-populated\">\n\t\t\t\t\t\t\t\t<div class=\"elementor-element elementor-element-3f1baa70 elementor-widget elementor-widget-text-editor\" data-id=\"3f1baa70\" data-element_type=\"widget\" data-widget_type=\"text-editor.default\">\n\t\t\t\t<div class=\"elementor-widget-container\">\n\t\t\t<style>\/*! elementor - v3.17.0 - 08-11-2023 *\/\n.elementor-widget-text-editor.elementor-drop-cap-view-stacked .elementor-drop-cap{background-color:#69727d;color:#fff}.elementor-widget-text-editor.elementor-drop-cap-view-framed .elementor-drop-cap{color:#69727d;border:3px solid;background-color:transparent}.elementor-widget-text-editor:not(.elementor-drop-cap-view-default) .elementor-drop-cap{margin-top:8px}.elementor-widget-text-editor:not(.elementor-drop-cap-view-default) .elementor-drop-cap-letter{width:1em;height:1em}.elementor-widget-text-editor .elementor-drop-cap{float:left;text-align:center;line-height:1;font-size:50px}.elementor-widget-text-editor .elementor-drop-cap-letter{display:inline-block}<\/style>\t\t\t\t<p>Um dos segmentos dentro da MAPA SOLU\u00c7\u00d5ES \u00e9 o <strong>atendimento especializado<\/strong> em elabora\u00e7\u00e3o de Projetos visando a capta\u00e7\u00e3o de recursos financeiros para os setores: <strong>agropecu\u00e1rio; industrial e imobili\u00e1rio<\/strong>, para diversas finalidades, principalmente o custeio e investimento.<\/p><p>As propostas s\u00e3o desenvolvidas com agilidade e seguran\u00e7a, diretamente com as principais <strong>Institui\u00e7\u00f5es Financeiras P\u00fablicas e Privadas<\/strong>.<\/p><p>N\u00f3s da MAPA SOLU\u00c7\u00d5ES possu\u00edmos equipe multidisciplinar capacitada para planejar, projetar e acompanhar a aprova\u00e7\u00e3o do seu projeto.<\/p><p>Estamos preparados a apresentar solu\u00e7\u00f5es de acordo com suas necessidades.<\/p><p><strong>Fa\u00e7a-nos uma consulta.<\/strong><\/p>\t\t\t\t\t\t<\/div>\n\t\t\t\t<\/div>\n\t\t\t\t\t<\/div>\n\t\t<\/div>\n\t\t\t\t\t\t\t<\/div>\n\t\t<\/section>\n\t\t\t\t\t<\/div>\n\t\t<\/div>\n\t\t\t\t\t\t\t<\/div>\n\t\t<\/section>\n\t\t\t\t\t\t\t<\/div>\n\t\t","protected":false},"excerpt":{"rendered":"<p>Um dos segmentos dentro da MAPA SOLU\u00c7\u00d5ES \u00e9 o atendimento especializado em elabora\u00e7\u00e3o de Projetos visando a capta\u00e7\u00e3o de recursos financeiros para os setores: agropecu\u00e1rio; industrial e imobili\u00e1rio, para diversas finalidades, principalmente o custeio e investimento. As propostas s\u00e3o desenvolvidas com agilidade e seguran\u00e7a, diretamente com as principais Institui\u00e7\u00f5es Financeiras P\u00fablicas e Privadas. N\u00f3s da [&hellip;]<\/p>\n","protected":false},"author":1,"featured_media":0,"parent":0,"menu_order":0,"comment_status":"closed","ping_status":"closed","template":"elementor_header_footer","meta":{"_joinchat":[],"footnotes":""},"class_list":["post-222","page","type-page","status-publish","hentry"],"yoast_head":"<!-- This site is optimized with the Yoast SEO plugin v21.5 - https:\/\/yoast.com\/wordpress\/plugins\/seo\/ -->\n<title>[Servi\u00e7os] - CR\u00c9DITO BANC\u00c1RIO - Mapa Solucoes<\/title>\n<meta name=\"robots\" content=\"index, follow, max-snippet:-1, max-image-preview:large, max-video-preview:-1\" \/>\n<link rel=\"canonical\" href=\"https:\/\/mapasolucoes.com\/index.php\/servicos-credito-bancario\/\" \/>\n<meta property=\"og:locale\" content=\"pt_PT\" \/>\n<meta property=\"og:type\" content=\"article\" \/>\n<meta property=\"og:title\" content=\"[Servi\u00e7os] - CR\u00c9DITO BANC\u00c1RIO - Mapa Solucoes\" \/>\n<meta property=\"og:description\" content=\"Um dos segmentos dentro da MAPA SOLU\u00c7\u00d5ES \u00e9 o atendimento especializado em elabora\u00e7\u00e3o de Projetos visando a capta\u00e7\u00e3o de recursos financeiros para os setores: agropecu\u00e1rio; industrial e imobili\u00e1rio, para diversas finalidades, principalmente o custeio e investimento. As propostas s\u00e3o desenvolvidas com agilidade e seguran\u00e7a, diretamente com as principais Institui\u00e7\u00f5es Financeiras P\u00fablicas e Privadas. N\u00f3s da [&hellip;]\" \/>\n<meta property=\"og:url\" content=\"https:\/\/mapasolucoes.com\/index.php\/servicos-credito-bancario\/\" \/>\n<meta property=\"og:site_name\" content=\"Mapa Solucoes\" \/>\n<meta property=\"article:publisher\" content=\"https:\/\/www.facebook.com\/people\/MAPA-Solues\/100090357625675\/?is_tour_completed=true\" \/>\n<meta property=\"article:modified_time\" content=\"2023-02-28T18:31:41+00:00\" \/>\n<meta property=\"og:image\" content=\"https:\/\/mapasolucoes.com\/wp-content\/uploads\/2023\/01\/BANC-1.png\" \/>\n<meta name=\"twitter:card\" content=\"summary_large_image\" \/>\n<script type=\"application\/ld+json\" class=\"yoast-schema-graph\">{\"@context\":\"https:\/\/schema.org\",\"@graph\":[{\"@type\":\"WebPage\",\"@id\":\"https:\/\/mapasolucoes.com\/index.php\/servicos-credito-bancario\/\",\"url\":\"https:\/\/mapasolucoes.com\/index.php\/servicos-credito-bancario\/\",\"name\":\"[Servi\u00e7os] - CR\u00c9DITO BANC\u00c1RIO - Mapa Solucoes\",\"isPartOf\":{\"@id\":\"https:\/\/mapasolucoes.com\/#website\"},\"datePublished\":\"2023-02-02T18:39:46+00:00\",\"dateModified\":\"2023-02-28T18:31:41+00:00\",\"breadcrumb\":{\"@id\":\"https:\/\/mapasolucoes.com\/index.php\/servicos-credito-bancario\/#breadcrumb\"},\"inLanguage\":\"pt-PT\",\"potentialAction\":[{\"@type\":\"ReadAction\",\"target\":[\"https:\/\/mapasolucoes.com\/index.php\/servicos-credito-bancario\/\"]}]},{\"@type\":\"BreadcrumbList\",\"@id\":\"https:\/\/mapasolucoes.com\/index.php\/servicos-credito-bancario\/#breadcrumb\",\"itemListElement\":[{\"@type\":\"ListItem\",\"position\":1,\"name\":\"In\u00edcio\",\"item\":\"https:\/\/mapasolucoes.com\/\"},{\"@type\":\"ListItem\",\"position\":2,\"name\":\"[Servi\u00e7os] &#8211; CR\u00c9DITO BANC\u00c1RIO\"}]},{\"@type\":\"WebSite\",\"@id\":\"https:\/\/mapasolucoes.com\/#website\",\"url\":\"https:\/\/mapasolucoes.com\/\",\"name\":\"Mapa Solucoes\",\"description\":\"\",\"publisher\":{\"@id\":\"https:\/\/mapasolucoes.com\/#organization\"},\"potentialAction\":[{\"@type\":\"SearchAction\",\"target\":{\"@type\":\"EntryPoint\",\"urlTemplate\":\"https:\/\/mapasolucoes.com\/?s={search_term_string}\"},\"query-input\":\"required name=search_term_string\"}],\"inLanguage\":\"pt-PT\"},{\"@type\":\"Organization\",\"@id\":\"https:\/\/mapasolucoes.com\/#organization\",\"name\":\"Mapa Solucoes\",\"url\":\"https:\/\/mapasolucoes.com\/\",\"logo\":{\"@type\":\"ImageObject\",\"inLanguage\":\"pt-PT\",\"@id\":\"https:\/\/mapasolucoes.com\/#\/schema\/logo\/image\/\",\"url\":\"https:\/\/mapasolucoes.com\/wp-content\/uploads\/2023\/01\/LOGO-MAPA-1.png\",\"contentUrl\":\"https:\/\/mapasolucoes.com\/wp-content\/uploads\/2023\/01\/LOGO-MAPA-1.png\",\"width\":1222,\"height\":545,\"caption\":\"Mapa Solucoes\"},\"image\":{\"@id\":\"https:\/\/mapasolucoes.com\/#\/schema\/logo\/image\/\"},\"sameAs\":[\"https:\/\/www.facebook.com\/people\/MAPA-Solues\/100090357625675\/?is_tour_completed=true\",\"https:\/\/www.instagram.com\/mapasolucoescom\/\",\"https:\/\/www.linkedin.com\/company\/mapasolues\/\"]}]}<\/script>\n<!-- \/ Yoast SEO plugin. -->","yoast_head_json":{"title":"[Servi\u00e7os] - CR\u00c9DITO BANC\u00c1RIO - Mapa Solucoes","robots":{"index":"index","follow":"follow","max-snippet":"max-snippet:-1","max-image-preview":"max-image-preview:large","max-video-preview":"max-video-preview:-1"},"canonical":"https:\/\/mapasolucoes.com\/index.php\/servicos-credito-bancario\/","og_locale":"pt_PT","og_type":"article","og_title":"[Servi\u00e7os] - CR\u00c9DITO BANC\u00c1RIO - Mapa Solucoes","og_description":"Um dos segmentos dentro da MAPA SOLU\u00c7\u00d5ES \u00e9 o atendimento especializado em elabora\u00e7\u00e3o de Projetos visando a capta\u00e7\u00e3o de recursos financeiros para os setores: agropecu\u00e1rio; industrial e imobili\u00e1rio, para diversas finalidades, principalmente o custeio e investimento. As propostas s\u00e3o desenvolvidas com agilidade e seguran\u00e7a, diretamente com as principais Institui\u00e7\u00f5es Financeiras P\u00fablicas e Privadas. N\u00f3s da [&hellip;]","og_url":"https:\/\/mapasolucoes.com\/index.php\/servicos-credito-bancario\/","og_site_name":"Mapa Solucoes","article_publisher":"https:\/\/www.facebook.com\/people\/MAPA-Solues\/100090357625675\/?is_tour_completed=true","article_modified_time":"2023-02-28T18:31:41+00:00","og_image":[{"url":"https:\/\/mapasolucoes.com\/wp-content\/uploads\/2023\/01\/BANC-1.png"}],"twitter_card":"summary_large_image","schema":{"@context":"https:\/\/schema.org","@graph":[{"@type":"WebPage","@id":"https:\/\/mapasolucoes.com\/index.php\/servicos-credito-bancario\/","url":"https:\/\/mapasolucoes.com\/index.php\/servicos-credito-bancario\/","name":"[Servi\u00e7os] - CR\u00c9DITO BANC\u00c1RIO - Mapa Solucoes","isPartOf":{"@id":"https:\/\/mapasolucoes.com\/#website"},"datePublished":"2023-02-02T18:39:46+00:00","dateModified":"2023-02-28T18:31:41+00:00","breadcrumb":{"@id":"https:\/\/mapasolucoes.com\/index.php\/servicos-credito-bancario\/#breadcrumb"},"inLanguage":"pt-PT","potentialAction":[{"@type":"ReadAction","target":["https:\/\/mapasolucoes.com\/index.php\/servicos-credito-bancario\/"]}]},{"@type":"BreadcrumbList","@id":"https:\/\/mapasolucoes.com\/index.php\/servicos-credito-bancario\/#breadcrumb","itemListElement":[{"@type":"ListItem","position":1,"name":"In\u00edcio","item":"https:\/\/mapasolucoes.com\/"},{"@type":"ListItem","position":2,"name":"[Servi\u00e7os] &#8211; CR\u00c9DITO BANC\u00c1RIO"}]},{"@type":"WebSite","@id":"https:\/\/mapasolucoes.com\/#website","url":"https:\/\/mapasolucoes.com\/","name":"Mapa Solucoes","description":"","publisher":{"@id":"https:\/\/mapasolucoes.com\/#organization"},"potentialAction":[{"@type":"SearchAction","target":{"@type":"EntryPoint","urlTemplate":"https:\/\/mapasolucoes.com\/?s={search_term_string}"},"query-input":"required name=search_term_string"}],"inLanguage":"pt-PT"},{"@type":"Organization","@id":"https:\/\/mapasolucoes.com\/#organization","name":"Mapa Solucoes","url":"https:\/\/mapasolucoes.com\/","logo":{"@type":"ImageObject","inLanguage":"pt-PT","@id":"https:\/\/mapasolucoes.com\/#\/schema\/logo\/image\/","url":"https:\/\/mapasolucoes.com\/wp-content\/uploads\/2023\/01\/LOGO-MAPA-1.png","contentUrl":"https:\/\/mapasolucoes.com\/wp-content\/uploads\/2023\/01\/LOGO-MAPA-1.png","width":1222,"height":545,"caption":"Mapa Solucoes"},"image":{"@id":"https:\/\/mapasolucoes.com\/#\/schema\/logo\/image\/"},"sameAs":["https:\/\/www.facebook.com\/people\/MAPA-Solues\/100090357625675\/?is_tour_completed=true","https:\/\/www.instagram.com\/mapasolucoescom\/","https:\/\/www.linkedin.com\/company\/mapasolues\/"]}]}},"_links":{"self":[{"href":"https:\/\/mapasolucoes.com\/index.php\/wp-json\/wp\/v2\/pages\/222","targetHints":{"allow":["GET"]}}],"collection":[{"href":"https:\/\/mapasolucoes.com\/index.php\/wp-json\/wp\/v2\/pages"}],"about":[{"href":"https:\/\/mapasolucoes.com\/index.php\/wp-json\/wp\/v2\/types\/page"}],"author":[{"embeddable":true,"href":"https:\/\/mapasolucoes.com\/index.php\/wp-json\/wp\/v2\/users\/1"}],"replies":[{"embeddable":true,"href":"https:\/\/mapasolucoes.com\/index.php\/wp-json\/wp\/v2\/comments?post=222"}],"version-history":[{"count":58,"href":"https:\/\/mapasolucoes.com\/index.php\/wp-json\/wp\/v2\/pages\/222\/revisions"}],"predecessor-version":[{"id":1310,"href":"https:\/\/mapasolucoes.com\/index.php\/wp-json\/wp\/v2\/pages\/222\/revisions\/1310"}],"wp:attachment":[{"href":"https:\/\/mapasolucoes.com\/index.php\/wp-json\/wp\/v2\/media?parent=222"}],"curies":[{"name":"wp","href":"https:\/\/api.w.org\/{rel}","templated":true}]}}