{"id":288,"date":"2023-02-03T15:11:27","date_gmt":"2023-02-03T18:11:27","guid":{"rendered":"https:\/\/mapasolucoes.com\/?page_id=288"},"modified":"2023-02-28T15:28:53","modified_gmt":"2023-02-28T18:28:53","slug":"servicos-seguranca-do-trabalho","status":"publish","type":"page","link":"https:\/\/mapasolucoes.com\/index.php\/servicos-seguranca-do-trabalho\/","title":{"rendered":"[Servi\u00e7os] \u2013 SEGURAN\u00c7A DO TRABALHO"},"content":{"rendered":"\t\t<div data-elementor-type=\"wp-page\" data-elementor-id=\"288\" class=\"elementor elementor-288\" data-elementor-post-type=\"page\">\n\t\t\t\t\t\t\t\t\t<section class=\"elementor-section elementor-top-section elementor-element elementor-element-3319a3b8 elementor-section-boxed elementor-section-height-default elementor-section-height-default\" data-id=\"3319a3b8\" data-element_type=\"section\">\n\t\t\t\t\t\t<div class=\"elementor-container elementor-column-gap-default\">\n\t\t\t\t\t<div class=\"elementor-column elementor-col-100 elementor-top-column elementor-element elementor-element-7430d0df\" data-id=\"7430d0df\" data-element_type=\"column\">\n\t\t\t<div class=\"elementor-widget-wrap elementor-element-populated\">\n\t\t\t\t\t\t\t\t<div class=\"elementor-element elementor-element-4bc689f4 elementor-widget elementor-widget-image\" data-id=\"4bc689f4\" data-element_type=\"widget\" data-widget_type=\"image.default\">\n\t\t\t\t<div class=\"elementor-widget-container\">\n\t\t\t<style>\/*! elementor - v3.17.0 - 08-11-2023 *\/\n.elementor-widget-image{text-align:center}.elementor-widget-image a{display:inline-block}.elementor-widget-image a img[src$=\".svg\"]{width:48px}.elementor-widget-image img{vertical-align:middle;display:inline-block}<\/style>\t\t\t\t\t\t\t\t\t\t\t\t<img loading=\"lazy\" decoding=\"async\" width=\"300\" height=\"228\" src=\"https:\/\/mapasolucoes.com\/wp-content\/uploads\/2023\/01\/st-1-300x228.png\" class=\"attachment-medium size-medium wp-image-103\" alt=\"\" srcset=\"https:\/\/mapasolucoes.com\/wp-content\/uploads\/2023\/01\/st-1-300x228.png 300w, https:\/\/mapasolucoes.com\/wp-content\/uploads\/2023\/01\/st-1.png 343w\" sizes=\"auto, (max-width: 300px) 100vw, 300px\" \/>\t\t\t\t\t\t\t\t\t\t\t\t\t\t\t<\/div>\n\t\t\t\t<\/div>\n\t\t\t\t\t<\/div>\n\t\t<\/div>\n\t\t\t\t\t\t\t<\/div>\n\t\t<\/section>\n\t\t\t\t<section class=\"elementor-section elementor-top-section elementor-element elementor-element-3f00a430 elementor-section-boxed elementor-section-height-default elementor-section-height-default\" data-id=\"3f00a430\" data-element_type=\"section\">\n\t\t\t\t\t\t<div class=\"elementor-container elementor-column-gap-default\">\n\t\t\t\t\t<div class=\"elementor-column elementor-col-100 elementor-top-column elementor-element elementor-element-1d92cefc\" data-id=\"1d92cefc\" data-element_type=\"column\">\n\t\t\t<div class=\"elementor-widget-wrap elementor-element-populated\">\n\t\t\t\t\t\t\t\t<section class=\"elementor-section elementor-inner-section elementor-element elementor-element-35efeba1 elementor-section-boxed elementor-section-height-default elementor-section-height-default\" data-id=\"35efeba1\" data-element_type=\"section\">\n\t\t\t\t\t\t<div class=\"elementor-container elementor-column-gap-default\">\n\t\t\t\t\t<div class=\"elementor-column elementor-col-50 elementor-inner-column elementor-element elementor-element-4e7fdd2c\" data-id=\"4e7fdd2c\" data-element_type=\"column\">\n\t\t\t<div class=\"elementor-widget-wrap elementor-element-populated\">\n\t\t\t\t\t\t\t\t<div class=\"elementor-element elementor-element-7e9797fc elementor-widget elementor-widget-image\" data-id=\"7e9797fc\" data-element_type=\"widget\" data-widget_type=\"image.default\">\n\t\t\t\t<div class=\"elementor-widget-container\">\n\t\t\t\t\t\t\t\t\t\t\t\t\t\t\t<img loading=\"lazy\" decoding=\"async\" width=\"800\" height=\"487\" src=\"https:\/\/mapasolucoes.com\/wp-content\/uploads\/2023\/02\/pop-zebra-wp81DxKUd1E-unsplash-1024x623.jpg\" class=\"attachment-large size-large wp-image-290\" alt=\"\" srcset=\"https:\/\/mapasolucoes.com\/wp-content\/uploads\/2023\/02\/pop-zebra-wp81DxKUd1E-unsplash-1024x623.jpg 1024w, https:\/\/mapasolucoes.com\/wp-content\/uploads\/2023\/02\/pop-zebra-wp81DxKUd1E-unsplash-300x183.jpg 300w, https:\/\/mapasolucoes.com\/wp-content\/uploads\/2023\/02\/pop-zebra-wp81DxKUd1E-unsplash-768x467.jpg 768w, https:\/\/mapasolucoes.com\/wp-content\/uploads\/2023\/02\/pop-zebra-wp81DxKUd1E-unsplash-1536x934.jpg 1536w, https:\/\/mapasolucoes.com\/wp-content\/uploads\/2023\/02\/pop-zebra-wp81DxKUd1E-unsplash-2048x1246.jpg 2048w\" sizes=\"auto, (max-width: 800px) 100vw, 800px\" \/>\t\t\t\t\t\t\t\t\t\t\t\t\t\t\t<\/div>\n\t\t\t\t<\/div>\n\t\t\t\t\t<\/div>\n\t\t<\/div>\n\t\t\t\t<div class=\"elementor-column elementor-col-50 elementor-inner-column elementor-element elementor-element-1637a407\" data-id=\"1637a407\" data-element_type=\"column\">\n\t\t\t<div class=\"elementor-widget-wrap elementor-element-populated\">\n\t\t\t\t\t\t\t\t<div class=\"elementor-element elementor-element-4cf6e2e3 elementor-widget elementor-widget-text-editor\" data-id=\"4cf6e2e3\" data-element_type=\"widget\" data-widget_type=\"text-editor.default\">\n\t\t\t\t<div class=\"elementor-widget-container\">\n\t\t\t<style>\/*! elementor - v3.17.0 - 08-11-2023 *\/\n.elementor-widget-text-editor.elementor-drop-cap-view-stacked .elementor-drop-cap{background-color:#69727d;color:#fff}.elementor-widget-text-editor.elementor-drop-cap-view-framed .elementor-drop-cap{color:#69727d;border:3px solid;background-color:transparent}.elementor-widget-text-editor:not(.elementor-drop-cap-view-default) .elementor-drop-cap{margin-top:8px}.elementor-widget-text-editor:not(.elementor-drop-cap-view-default) .elementor-drop-cap-letter{width:1em;height:1em}.elementor-widget-text-editor .elementor-drop-cap{float:left;text-align:center;line-height:1;font-size:50px}.elementor-widget-text-editor .elementor-drop-cap-letter{display:inline-block}<\/style>\t\t\t\t<h1><strong>O que \u00e9?<\/strong><\/h1><p>A seguran\u00e7a e sa\u00fade no trabalho \u00e9 um conjunto de medidas e a\u00e7\u00f5es essenciais nas empresas de todos os portes e setores, desenvolvido para a <strong>preven\u00e7\u00e3o de acidentes<\/strong> e <strong>promo\u00e7\u00e3o da sa\u00fade<\/strong> dos trabalhadores.<\/p><h1><strong>Quem precisa?<\/strong><\/h1><p>\u00c9 important\u00edssimo para <strong>qualquer empresa<\/strong>, pois zela pela qualidade de vida e mant\u00e9m um ambiente de trabalho seguro para seus colaboradores, o que influencia diretamente na <strong>produtividade <\/strong>e nas <strong>redu\u00e7\u00f5es de custos<\/strong> \u2013 <strong>a\u00e7\u00f5es preventivas evitam gastos<\/strong> com o tratamento de um funcion\u00e1rio e, at\u00e9 mesmo, com processos judiciais.<\/p>\t\t\t\t\t\t<\/div>\n\t\t\t\t<\/div>\n\t\t\t\t\t<\/div>\n\t\t<\/div>\n\t\t\t\t\t\t\t<\/div>\n\t\t<\/section>\n\t\t\t\t\t<\/div>\n\t\t<\/div>\n\t\t\t\t\t\t\t<\/div>\n\t\t<\/section>\n\t\t\t\t<section class=\"elementor-section elementor-top-section elementor-element elementor-element-777d1a0 elementor-section-boxed elementor-section-height-default elementor-section-height-default\" data-id=\"777d1a0\" data-element_type=\"section\">\n\t\t\t\t\t\t<div class=\"elementor-container elementor-column-gap-default\">\n\t\t\t\t\t<div class=\"elementor-column elementor-col-100 elementor-top-column elementor-element elementor-element-36e130a\" data-id=\"36e130a\" data-element_type=\"column\">\n\t\t\t<div class=\"elementor-widget-wrap elementor-element-populated\">\n\t\t\t\t\t\t\t\t<section class=\"elementor-section elementor-inner-section elementor-element elementor-element-f823365 elementor-section-boxed elementor-section-height-default elementor-section-height-default\" data-id=\"f823365\" data-element_type=\"section\">\n\t\t\t\t\t\t<div class=\"elementor-container elementor-column-gap-default\">\n\t\t\t\t\t<div class=\"elementor-column elementor-col-50 elementor-inner-column elementor-element elementor-element-4a1be95\" data-id=\"4a1be95\" data-element_type=\"column\">\n\t\t\t<div class=\"elementor-widget-wrap elementor-element-populated\">\n\t\t\t\t\t\t\t\t<div class=\"elementor-element elementor-element-d712749 elementor-widget elementor-widget-image\" data-id=\"d712749\" data-element_type=\"widget\" data-widget_type=\"image.default\">\n\t\t\t\t<div class=\"elementor-widget-container\">\n\t\t\t\t\t\t\t\t\t\t\t\t\t\t\t<img loading=\"lazy\" decoding=\"async\" width=\"768\" height=\"512\" src=\"https:\/\/mapasolucoes.com\/wp-content\/uploads\/2023\/02\/muraya-githiga-HeGdyTwHZy8-unsplash-768x512.jpg\" class=\"attachment-medium_large size-medium_large wp-image-291\" alt=\"\" srcset=\"https:\/\/mapasolucoes.com\/wp-content\/uploads\/2023\/02\/muraya-githiga-HeGdyTwHZy8-unsplash-768x512.jpg 768w, https:\/\/mapasolucoes.com\/wp-content\/uploads\/2023\/02\/muraya-githiga-HeGdyTwHZy8-unsplash-300x200.jpg 300w, https:\/\/mapasolucoes.com\/wp-content\/uploads\/2023\/02\/muraya-githiga-HeGdyTwHZy8-unsplash-1024x683.jpg 1024w, https:\/\/mapasolucoes.com\/wp-content\/uploads\/2023\/02\/muraya-githiga-HeGdyTwHZy8-unsplash-1536x1024.jpg 1536w, https:\/\/mapasolucoes.com\/wp-content\/uploads\/2023\/02\/muraya-githiga-HeGdyTwHZy8-unsplash-2048x1365.jpg 2048w\" sizes=\"auto, (max-width: 768px) 100vw, 768px\" \/>\t\t\t\t\t\t\t\t\t\t\t\t\t\t\t<\/div>\n\t\t\t\t<\/div>\n\t\t\t\t\t<\/div>\n\t\t<\/div>\n\t\t\t\t<div class=\"elementor-column elementor-col-50 elementor-inner-column elementor-element elementor-element-2c42745\" data-id=\"2c42745\" data-element_type=\"column\">\n\t\t\t<div class=\"elementor-widget-wrap elementor-element-populated\">\n\t\t\t\t\t\t\t\t<div class=\"elementor-element elementor-element-d9ef9f3 elementor-widget elementor-widget-text-editor\" data-id=\"d9ef9f3\" data-element_type=\"widget\" data-widget_type=\"text-editor.default\">\n\t\t\t\t<div class=\"elementor-widget-container\">\n\t\t\t\t\t\t\t<h1><strong>Como fazer?<\/strong><\/h1><p>Com a inten\u00e7\u00e3o de ajudar sua empresa (ind\u00fastria, com\u00e9rcio ou atividade rural), a promover um ambiente de trabalho seguro e saud\u00e1vel e preservar a sa\u00fade e a integridade f\u00edsica dos colaboradores, a MAPA SOLU\u00c7\u00d5ES oferece diversos servi\u00e7os por meio de uma equipe qualificada e estudos detalhados e minuciosos das suas necessidades, tais como:<\/p><ul><li>Diagn\u00f3sticos, projetos e laudos;<\/li><li>Gest\u00e3o eSocial;<\/li><li>Cursos, Capacita\u00e7\u00f5es e Treinamento;<\/li><li>Preven\u00e7\u00e3o e Combate a inc\u00eandio.<\/li><\/ul><p>Estamos preparados a apresentar solu\u00e7\u00f5es de acordo com suas necessidades.<\/p><p><strong>Fa\u00e7a-nos uma consulta.<\/strong><\/p>\t\t\t\t\t\t<\/div>\n\t\t\t\t<\/div>\n\t\t\t\t\t<\/div>\n\t\t<\/div>\n\t\t\t\t\t\t\t<\/div>\n\t\t<\/section>\n\t\t\t\t\t<\/div>\n\t\t<\/div>\n\t\t\t\t\t\t\t<\/div>\n\t\t<\/section>\n\t\t\t\t\t\t\t<\/div>\n\t\t","protected":false},"excerpt":{"rendered":"<p>O que \u00e9? A seguran\u00e7a e sa\u00fade no trabalho \u00e9 um conjunto de medidas e a\u00e7\u00f5es essenciais nas empresas de todos os portes e setores, desenvolvido para a preven\u00e7\u00e3o de acidentes e promo\u00e7\u00e3o da sa\u00fade dos trabalhadores. Quem precisa? \u00c9 important\u00edssimo para qualquer empresa, pois zela pela qualidade de vida e mant\u00e9m um ambiente de [&hellip;]<\/p>\n","protected":false},"author":1,"featured_media":0,"parent":0,"menu_order":0,"comment_status":"closed","ping_status":"closed","template":"elementor_header_footer","meta":{"_joinchat":[],"footnotes":""},"class_list":["post-288","page","type-page","status-publish","hentry"],"yoast_head":"<!-- This site is optimized with the Yoast SEO plugin v21.5 - https:\/\/yoast.com\/wordpress\/plugins\/seo\/ -->\n<title>[Servi\u00e7os] \u2013 SEGURAN\u00c7A DO TRABALHO - Mapa Solucoes<\/title>\n<meta name=\"robots\" content=\"index, follow, max-snippet:-1, max-image-preview:large, max-video-preview:-1\" \/>\n<link rel=\"canonical\" href=\"https:\/\/mapasolucoes.com\/index.php\/servicos-seguranca-do-trabalho\/\" \/>\n<meta property=\"og:locale\" content=\"pt_PT\" \/>\n<meta property=\"og:type\" content=\"article\" \/>\n<meta property=\"og:title\" content=\"[Servi\u00e7os] \u2013 SEGURAN\u00c7A DO TRABALHO - Mapa Solucoes\" \/>\n<meta property=\"og:description\" content=\"O que \u00e9? A seguran\u00e7a e sa\u00fade no trabalho \u00e9 um conjunto de medidas e a\u00e7\u00f5es essenciais nas empresas de todos os portes e setores, desenvolvido para a preven\u00e7\u00e3o de acidentes e promo\u00e7\u00e3o da sa\u00fade dos trabalhadores. Quem precisa? \u00c9 important\u00edssimo para qualquer empresa, pois zela pela qualidade de vida e mant\u00e9m um ambiente de [&hellip;]\" \/>\n<meta property=\"og:url\" content=\"https:\/\/mapasolucoes.com\/index.php\/servicos-seguranca-do-trabalho\/\" \/>\n<meta property=\"og:site_name\" content=\"Mapa Solucoes\" \/>\n<meta property=\"article:publisher\" content=\"https:\/\/www.facebook.com\/people\/MAPA-Solues\/100090357625675\/?is_tour_completed=true\" \/>\n<meta property=\"article:modified_time\" content=\"2023-02-28T18:28:53+00:00\" \/>\n<meta property=\"og:image\" content=\"https:\/\/mapasolucoes.com\/wp-content\/uploads\/2023\/01\/st-1-300x228.png\" \/>\n<meta name=\"twitter:card\" content=\"summary_large_image\" \/>\n<meta name=\"twitter:label1\" content=\"Tempo estimado de leitura\" \/>\n\t<meta name=\"twitter:data1\" content=\"1 minuto\" \/>\n<script type=\"application\/ld+json\" class=\"yoast-schema-graph\">{\"@context\":\"https:\/\/schema.org\",\"@graph\":[{\"@type\":\"WebPage\",\"@id\":\"https:\/\/mapasolucoes.com\/index.php\/servicos-seguranca-do-trabalho\/\",\"url\":\"https:\/\/mapasolucoes.com\/index.php\/servicos-seguranca-do-trabalho\/\",\"name\":\"[Servi\u00e7os] \u2013 SEGURAN\u00c7A DO TRABALHO - Mapa Solucoes\",\"isPartOf\":{\"@id\":\"https:\/\/mapasolucoes.com\/#website\"},\"datePublished\":\"2023-02-03T18:11:27+00:00\",\"dateModified\":\"2023-02-28T18:28:53+00:00\",\"breadcrumb\":{\"@id\":\"https:\/\/mapasolucoes.com\/index.php\/servicos-seguranca-do-trabalho\/#breadcrumb\"},\"inLanguage\":\"pt-PT\",\"potentialAction\":[{\"@type\":\"ReadAction\",\"target\":[\"https:\/\/mapasolucoes.com\/index.php\/servicos-seguranca-do-trabalho\/\"]}]},{\"@type\":\"BreadcrumbList\",\"@id\":\"https:\/\/mapasolucoes.com\/index.php\/servicos-seguranca-do-trabalho\/#breadcrumb\",\"itemListElement\":[{\"@type\":\"ListItem\",\"position\":1,\"name\":\"In\u00edcio\",\"item\":\"https:\/\/mapasolucoes.com\/\"},{\"@type\":\"ListItem\",\"position\":2,\"name\":\"[Servi\u00e7os] \u2013 SEGURAN\u00c7A DO TRABALHO\"}]},{\"@type\":\"WebSite\",\"@id\":\"https:\/\/mapasolucoes.com\/#website\",\"url\":\"https:\/\/mapasolucoes.com\/\",\"name\":\"Mapa Solucoes\",\"description\":\"\",\"publisher\":{\"@id\":\"https:\/\/mapasolucoes.com\/#organization\"},\"potentialAction\":[{\"@type\":\"SearchAction\",\"target\":{\"@type\":\"EntryPoint\",\"urlTemplate\":\"https:\/\/mapasolucoes.com\/?s={search_term_string}\"},\"query-input\":\"required name=search_term_string\"}],\"inLanguage\":\"pt-PT\"},{\"@type\":\"Organization\",\"@id\":\"https:\/\/mapasolucoes.com\/#organization\",\"name\":\"Mapa Solucoes\",\"url\":\"https:\/\/mapasolucoes.com\/\",\"logo\":{\"@type\":\"ImageObject\",\"inLanguage\":\"pt-PT\",\"@id\":\"https:\/\/mapasolucoes.com\/#\/schema\/logo\/image\/\",\"url\":\"https:\/\/mapasolucoes.com\/wp-content\/uploads\/2023\/01\/LOGO-MAPA-1.png\",\"contentUrl\":\"https:\/\/mapasolucoes.com\/wp-content\/uploads\/2023\/01\/LOGO-MAPA-1.png\",\"width\":1222,\"height\":545,\"caption\":\"Mapa Solucoes\"},\"image\":{\"@id\":\"https:\/\/mapasolucoes.com\/#\/schema\/logo\/image\/\"},\"sameAs\":[\"https:\/\/www.facebook.com\/people\/MAPA-Solues\/100090357625675\/?is_tour_completed=true\",\"https:\/\/www.instagram.com\/mapasolucoescom\/\",\"https:\/\/www.linkedin.com\/company\/mapasolues\/\"]}]}<\/script>\n<!-- \/ Yoast SEO plugin. -->","yoast_head_json":{"title":"[Servi\u00e7os] \u2013 SEGURAN\u00c7A DO TRABALHO - Mapa Solucoes","robots":{"index":"index","follow":"follow","max-snippet":"max-snippet:-1","max-image-preview":"max-image-preview:large","max-video-preview":"max-video-preview:-1"},"canonical":"https:\/\/mapasolucoes.com\/index.php\/servicos-seguranca-do-trabalho\/","og_locale":"pt_PT","og_type":"article","og_title":"[Servi\u00e7os] \u2013 SEGURAN\u00c7A DO TRABALHO - Mapa Solucoes","og_description":"O que \u00e9? A seguran\u00e7a e sa\u00fade no trabalho \u00e9 um conjunto de medidas e a\u00e7\u00f5es essenciais nas empresas de todos os portes e setores, desenvolvido para a preven\u00e7\u00e3o de acidentes e promo\u00e7\u00e3o da sa\u00fade dos trabalhadores. Quem precisa? \u00c9 important\u00edssimo para qualquer empresa, pois zela pela qualidade de vida e mant\u00e9m um ambiente de [&hellip;]","og_url":"https:\/\/mapasolucoes.com\/index.php\/servicos-seguranca-do-trabalho\/","og_site_name":"Mapa Solucoes","article_publisher":"https:\/\/www.facebook.com\/people\/MAPA-Solues\/100090357625675\/?is_tour_completed=true","article_modified_time":"2023-02-28T18:28:53+00:00","og_image":[{"url":"https:\/\/mapasolucoes.com\/wp-content\/uploads\/2023\/01\/st-1-300x228.png"}],"twitter_card":"summary_large_image","twitter_misc":{"Tempo estimado de leitura":"1 minuto"},"schema":{"@context":"https:\/\/schema.org","@graph":[{"@type":"WebPage","@id":"https:\/\/mapasolucoes.com\/index.php\/servicos-seguranca-do-trabalho\/","url":"https:\/\/mapasolucoes.com\/index.php\/servicos-seguranca-do-trabalho\/","name":"[Servi\u00e7os] \u2013 SEGURAN\u00c7A DO TRABALHO - Mapa Solucoes","isPartOf":{"@id":"https:\/\/mapasolucoes.com\/#website"},"datePublished":"2023-02-03T18:11:27+00:00","dateModified":"2023-02-28T18:28:53+00:00","breadcrumb":{"@id":"https:\/\/mapasolucoes.com\/index.php\/servicos-seguranca-do-trabalho\/#breadcrumb"},"inLanguage":"pt-PT","potentialAction":[{"@type":"ReadAction","target":["https:\/\/mapasolucoes.com\/index.php\/servicos-seguranca-do-trabalho\/"]}]},{"@type":"BreadcrumbList","@id":"https:\/\/mapasolucoes.com\/index.php\/servicos-seguranca-do-trabalho\/#breadcrumb","itemListElement":[{"@type":"ListItem","position":1,"name":"In\u00edcio","item":"https:\/\/mapasolucoes.com\/"},{"@type":"ListItem","position":2,"name":"[Servi\u00e7os] \u2013 SEGURAN\u00c7A DO TRABALHO"}]},{"@type":"WebSite","@id":"https:\/\/mapasolucoes.com\/#website","url":"https:\/\/mapasolucoes.com\/","name":"Mapa Solucoes","description":"","publisher":{"@id":"https:\/\/mapasolucoes.com\/#organization"},"potentialAction":[{"@type":"SearchAction","target":{"@type":"EntryPoint","urlTemplate":"https:\/\/mapasolucoes.com\/?s={search_term_string}"},"query-input":"required name=search_term_string"}],"inLanguage":"pt-PT"},{"@type":"Organization","@id":"https:\/\/mapasolucoes.com\/#organization","name":"Mapa Solucoes","url":"https:\/\/mapasolucoes.com\/","logo":{"@type":"ImageObject","inLanguage":"pt-PT","@id":"https:\/\/mapasolucoes.com\/#\/schema\/logo\/image\/","url":"https:\/\/mapasolucoes.com\/wp-content\/uploads\/2023\/01\/LOGO-MAPA-1.png","contentUrl":"https:\/\/mapasolucoes.com\/wp-content\/uploads\/2023\/01\/LOGO-MAPA-1.png","width":1222,"height":545,"caption":"Mapa Solucoes"},"image":{"@id":"https:\/\/mapasolucoes.com\/#\/schema\/logo\/image\/"},"sameAs":["https:\/\/www.facebook.com\/people\/MAPA-Solues\/100090357625675\/?is_tour_completed=true","https:\/\/www.instagram.com\/mapasolucoescom\/","https:\/\/www.linkedin.com\/company\/mapasolues\/"]}]}},"_links":{"self":[{"href":"https:\/\/mapasolucoes.com\/index.php\/wp-json\/wp\/v2\/pages\/288","targetHints":{"allow":["GET"]}}],"collection":[{"href":"https:\/\/mapasolucoes.com\/index.php\/wp-json\/wp\/v2\/pages"}],"about":[{"href":"https:\/\/mapasolucoes.com\/index.php\/wp-json\/wp\/v2\/types\/page"}],"author":[{"embeddable":true,"href":"https:\/\/mapasolucoes.com\/index.php\/wp-json\/wp\/v2\/users\/1"}],"replies":[{"embeddable":true,"href":"https:\/\/mapasolucoes.com\/index.php\/wp-json\/wp\/v2\/comments?post=288"}],"version-history":[{"count":38,"href":"https:\/\/mapasolucoes.com\/index.php\/wp-json\/wp\/v2\/pages\/288\/revisions"}],"predecessor-version":[{"id":1286,"href":"https:\/\/mapasolucoes.com\/index.php\/wp-json\/wp\/v2\/pages\/288\/revisions\/1286"}],"wp:attachment":[{"href":"https:\/\/mapasolucoes.com\/index.php\/wp-json\/wp\/v2\/media?parent=288"}],"curies":[{"name":"wp","href":"https:\/\/api.w.org\/{rel}","templated":true}]}}