{"id":303,"date":"2023-02-03T15:24:24","date_gmt":"2023-02-03T18:24:24","guid":{"rendered":"https:\/\/mapasolucoes.com\/?page_id=303"},"modified":"2023-02-28T15:29:19","modified_gmt":"2023-02-28T18:29:19","slug":"servicos-pericia-e-auditoria","status":"publish","type":"page","link":"https:\/\/mapasolucoes.com\/index.php\/servicos-pericia-e-auditoria\/","title":{"rendered":"[Servi\u00e7os] \u2013 PER\u00cdCIA E AUDITORIA"},"content":{"rendered":"\t\t<div data-elementor-type=\"wp-page\" data-elementor-id=\"303\" class=\"elementor elementor-303\" data-elementor-post-type=\"page\">\n\t\t\t\t\t\t\t\t\t<section class=\"elementor-section elementor-top-section elementor-element elementor-element-7ac54c97 elementor-section-boxed elementor-section-height-default elementor-section-height-default\" data-id=\"7ac54c97\" data-element_type=\"section\">\n\t\t\t\t\t\t<div class=\"elementor-container elementor-column-gap-default\">\n\t\t\t\t\t<div class=\"elementor-column elementor-col-100 elementor-top-column elementor-element elementor-element-21fa94da\" data-id=\"21fa94da\" data-element_type=\"column\">\n\t\t\t<div class=\"elementor-widget-wrap elementor-element-populated\">\n\t\t\t\t\t\t\t\t<div class=\"elementor-element elementor-element-48104074 elementor-widget elementor-widget-image\" data-id=\"48104074\" data-element_type=\"widget\" data-widget_type=\"image.default\">\n\t\t\t\t<div class=\"elementor-widget-container\">\n\t\t\t<style>\/*! elementor - v3.17.0 - 08-11-2023 *\/\n.elementor-widget-image{text-align:center}.elementor-widget-image a{display:inline-block}.elementor-widget-image a img[src$=\".svg\"]{width:48px}.elementor-widget-image img{vertical-align:middle;display:inline-block}<\/style>\t\t\t\t\t\t\t\t\t\t\t\t<img loading=\"lazy\" decoding=\"async\" width=\"300\" height=\"300\" src=\"https:\/\/mapasolucoes.com\/wp-content\/uploads\/2023\/02\/PERICIA-E-AUDITORIA-300x300.png\" class=\"attachment-medium size-medium wp-image-500\" alt=\"\" srcset=\"https:\/\/mapasolucoes.com\/wp-content\/uploads\/2023\/02\/PERICIA-E-AUDITORIA-300x300.png 300w, https:\/\/mapasolucoes.com\/wp-content\/uploads\/2023\/02\/PERICIA-E-AUDITORIA-150x150.png 150w, https:\/\/mapasolucoes.com\/wp-content\/uploads\/2023\/02\/PERICIA-E-AUDITORIA.png 400w\" sizes=\"auto, (max-width: 300px) 100vw, 300px\" \/>\t\t\t\t\t\t\t\t\t\t\t\t\t\t\t<\/div>\n\t\t\t\t<\/div>\n\t\t\t\t\t<\/div>\n\t\t<\/div>\n\t\t\t\t\t\t\t<\/div>\n\t\t<\/section>\n\t\t\t\t<section class=\"elementor-section elementor-top-section elementor-element elementor-element-3caa880f elementor-section-boxed elementor-section-height-default elementor-section-height-default\" data-id=\"3caa880f\" data-element_type=\"section\">\n\t\t\t\t\t\t<div class=\"elementor-container elementor-column-gap-default\">\n\t\t\t\t\t<div class=\"elementor-column elementor-col-100 elementor-top-column elementor-element elementor-element-49ea9370\" data-id=\"49ea9370\" data-element_type=\"column\">\n\t\t\t<div class=\"elementor-widget-wrap elementor-element-populated\">\n\t\t\t\t\t\t\t\t<section class=\"elementor-section elementor-inner-section elementor-element elementor-element-3919d5f5 elementor-section-boxed elementor-section-height-default elementor-section-height-default\" data-id=\"3919d5f5\" data-element_type=\"section\">\n\t\t\t\t\t\t<div class=\"elementor-container elementor-column-gap-default\">\n\t\t\t\t\t<div class=\"elementor-column elementor-col-50 elementor-inner-column elementor-element elementor-element-70d6313f\" data-id=\"70d6313f\" data-element_type=\"column\">\n\t\t\t<div class=\"elementor-widget-wrap elementor-element-populated\">\n\t\t\t\t\t\t\t\t<div class=\"elementor-element elementor-element-6dc18c5f elementor-widget elementor-widget-image\" data-id=\"6dc18c5f\" data-element_type=\"widget\" data-widget_type=\"image.default\">\n\t\t\t\t<div class=\"elementor-widget-container\">\n\t\t\t\t\t\t\t\t\t\t\t\t\t\t\t<img loading=\"lazy\" decoding=\"async\" width=\"800\" height=\"534\" src=\"https:\/\/mapasolucoes.com\/wp-content\/uploads\/2023\/02\/thisisengineering-raeng-vEoMKBdUIzs-unsplash-1024x683.jpg\" class=\"attachment-large size-large wp-image-305\" alt=\"\" srcset=\"https:\/\/mapasolucoes.com\/wp-content\/uploads\/2023\/02\/thisisengineering-raeng-vEoMKBdUIzs-unsplash-1024x683.jpg 1024w, https:\/\/mapasolucoes.com\/wp-content\/uploads\/2023\/02\/thisisengineering-raeng-vEoMKBdUIzs-unsplash-300x200.jpg 300w, https:\/\/mapasolucoes.com\/wp-content\/uploads\/2023\/02\/thisisengineering-raeng-vEoMKBdUIzs-unsplash-768x512.jpg 768w, https:\/\/mapasolucoes.com\/wp-content\/uploads\/2023\/02\/thisisengineering-raeng-vEoMKBdUIzs-unsplash-1536x1025.jpg 1536w, https:\/\/mapasolucoes.com\/wp-content\/uploads\/2023\/02\/thisisengineering-raeng-vEoMKBdUIzs-unsplash-2048x1366.jpg 2048w\" sizes=\"auto, (max-width: 800px) 100vw, 800px\" \/>\t\t\t\t\t\t\t\t\t\t\t\t\t\t\t<\/div>\n\t\t\t\t<\/div>\n\t\t\t\t\t<\/div>\n\t\t<\/div>\n\t\t\t\t<div class=\"elementor-column elementor-col-50 elementor-inner-column elementor-element elementor-element-1d036cca\" data-id=\"1d036cca\" data-element_type=\"column\">\n\t\t\t<div class=\"elementor-widget-wrap elementor-element-populated\">\n\t\t\t\t\t\t\t\t<div class=\"elementor-element elementor-element-44861c98 elementor-widget elementor-widget-text-editor\" data-id=\"44861c98\" data-element_type=\"widget\" data-widget_type=\"text-editor.default\">\n\t\t\t\t<div class=\"elementor-widget-container\">\n\t\t\t<style>\/*! elementor - v3.17.0 - 08-11-2023 *\/\n.elementor-widget-text-editor.elementor-drop-cap-view-stacked .elementor-drop-cap{background-color:#69727d;color:#fff}.elementor-widget-text-editor.elementor-drop-cap-view-framed .elementor-drop-cap{color:#69727d;border:3px solid;background-color:transparent}.elementor-widget-text-editor:not(.elementor-drop-cap-view-default) .elementor-drop-cap{margin-top:8px}.elementor-widget-text-editor:not(.elementor-drop-cap-view-default) .elementor-drop-cap-letter{width:1em;height:1em}.elementor-widget-text-editor .elementor-drop-cap{float:left;text-align:center;line-height:1;font-size:50px}.elementor-widget-text-editor .elementor-drop-cap-letter{display:inline-block}<\/style>\t\t\t\t<p>A import\u00e2ncia de contribuir com o <strong>desenvolvimento sustent\u00e1vel<\/strong> \u00e9 hoje vital em qualquer empresa, n\u00f3s da <strong>MAPA SOLU\u00c7\u00d5ES <\/strong>possu\u00edmos equipe t\u00e9cnica multidisciplinar que fornece presta\u00e7\u00e3o de servi\u00e7os para<strong> Auditoria e Per\u00edcia Ambiental.<\/strong> Como ferramenta de gest\u00e3o, estes servi\u00e7os visam principalmente orientar e adequar o empreendimento aos crit\u00e9rios ambientais pr\u00e9-estabelecidos.<\/p><p>Estamos preparados a apresentar solu\u00e7\u00f5es de acordo com suas necessidades.<\/p><p><strong>Fa\u00e7a-nos uma consulta.<\/strong><\/p>\t\t\t\t\t\t<\/div>\n\t\t\t\t<\/div>\n\t\t\t\t\t<\/div>\n\t\t<\/div>\n\t\t\t\t\t\t\t<\/div>\n\t\t<\/section>\n\t\t\t\t\t<\/div>\n\t\t<\/div>\n\t\t\t\t\t\t\t<\/div>\n\t\t<\/section>\n\t\t\t\t\t\t\t<\/div>\n\t\t","protected":false},"excerpt":{"rendered":"<p>A import\u00e2ncia de contribuir com o desenvolvimento sustent\u00e1vel \u00e9 hoje vital em qualquer empresa, n\u00f3s da MAPA SOLU\u00c7\u00d5ES possu\u00edmos equipe t\u00e9cnica multidisciplinar que fornece presta\u00e7\u00e3o de servi\u00e7os para Auditoria e Per\u00edcia Ambiental. Como ferramenta de gest\u00e3o, estes servi\u00e7os visam principalmente orientar e adequar o empreendimento aos crit\u00e9rios ambientais pr\u00e9-estabelecidos. Estamos preparados a apresentar solu\u00e7\u00f5es de [&hellip;]<\/p>\n","protected":false},"author":1,"featured_media":0,"parent":0,"menu_order":0,"comment_status":"closed","ping_status":"closed","template":"elementor_header_footer","meta":{"_joinchat":[],"footnotes":""},"class_list":["post-303","page","type-page","status-publish","hentry"],"yoast_head":"<!-- This site is optimized with the Yoast SEO plugin v21.5 - https:\/\/yoast.com\/wordpress\/plugins\/seo\/ -->\n<title>[Servi\u00e7os] \u2013 PER\u00cdCIA E AUDITORIA - Mapa Solucoes<\/title>\n<meta name=\"robots\" content=\"index, follow, max-snippet:-1, max-image-preview:large, max-video-preview:-1\" \/>\n<link rel=\"canonical\" href=\"https:\/\/mapasolucoes.com\/index.php\/servicos-pericia-e-auditoria\/\" \/>\n<meta property=\"og:locale\" content=\"pt_PT\" \/>\n<meta property=\"og:type\" content=\"article\" \/>\n<meta property=\"og:title\" content=\"[Servi\u00e7os] \u2013 PER\u00cdCIA E AUDITORIA - Mapa Solucoes\" \/>\n<meta property=\"og:description\" content=\"A import\u00e2ncia de contribuir com o desenvolvimento sustent\u00e1vel \u00e9 hoje vital em qualquer empresa, n\u00f3s da MAPA SOLU\u00c7\u00d5ES possu\u00edmos equipe t\u00e9cnica multidisciplinar que fornece presta\u00e7\u00e3o de servi\u00e7os para Auditoria e Per\u00edcia Ambiental. Como ferramenta de gest\u00e3o, estes servi\u00e7os visam principalmente orientar e adequar o empreendimento aos crit\u00e9rios ambientais pr\u00e9-estabelecidos. Estamos preparados a apresentar solu\u00e7\u00f5es de [&hellip;]\" \/>\n<meta property=\"og:url\" content=\"https:\/\/mapasolucoes.com\/index.php\/servicos-pericia-e-auditoria\/\" \/>\n<meta property=\"og:site_name\" content=\"Mapa Solucoes\" \/>\n<meta property=\"article:publisher\" content=\"https:\/\/www.facebook.com\/people\/MAPA-Solues\/100090357625675\/?is_tour_completed=true\" \/>\n<meta property=\"article:modified_time\" content=\"2023-02-28T18:29:19+00:00\" \/>\n<meta property=\"og:image\" content=\"https:\/\/mapasolucoes.com\/wp-content\/uploads\/2023\/02\/PERICIA-E-AUDITORIA-300x300.png\" \/>\n<meta name=\"twitter:card\" content=\"summary_large_image\" \/>\n<script type=\"application\/ld+json\" class=\"yoast-schema-graph\">{\"@context\":\"https:\/\/schema.org\",\"@graph\":[{\"@type\":\"WebPage\",\"@id\":\"https:\/\/mapasolucoes.com\/index.php\/servicos-pericia-e-auditoria\/\",\"url\":\"https:\/\/mapasolucoes.com\/index.php\/servicos-pericia-e-auditoria\/\",\"name\":\"[Servi\u00e7os] \u2013 PER\u00cdCIA E AUDITORIA - Mapa Solucoes\",\"isPartOf\":{\"@id\":\"https:\/\/mapasolucoes.com\/#website\"},\"datePublished\":\"2023-02-03T18:24:24+00:00\",\"dateModified\":\"2023-02-28T18:29:19+00:00\",\"breadcrumb\":{\"@id\":\"https:\/\/mapasolucoes.com\/index.php\/servicos-pericia-e-auditoria\/#breadcrumb\"},\"inLanguage\":\"pt-PT\",\"potentialAction\":[{\"@type\":\"ReadAction\",\"target\":[\"https:\/\/mapasolucoes.com\/index.php\/servicos-pericia-e-auditoria\/\"]}]},{\"@type\":\"BreadcrumbList\",\"@id\":\"https:\/\/mapasolucoes.com\/index.php\/servicos-pericia-e-auditoria\/#breadcrumb\",\"itemListElement\":[{\"@type\":\"ListItem\",\"position\":1,\"name\":\"In\u00edcio\",\"item\":\"https:\/\/mapasolucoes.com\/\"},{\"@type\":\"ListItem\",\"position\":2,\"name\":\"[Servi\u00e7os] \u2013 PER\u00cdCIA E AUDITORIA\"}]},{\"@type\":\"WebSite\",\"@id\":\"https:\/\/mapasolucoes.com\/#website\",\"url\":\"https:\/\/mapasolucoes.com\/\",\"name\":\"Mapa Solucoes\",\"description\":\"\",\"publisher\":{\"@id\":\"https:\/\/mapasolucoes.com\/#organization\"},\"potentialAction\":[{\"@type\":\"SearchAction\",\"target\":{\"@type\":\"EntryPoint\",\"urlTemplate\":\"https:\/\/mapasolucoes.com\/?s={search_term_string}\"},\"query-input\":\"required name=search_term_string\"}],\"inLanguage\":\"pt-PT\"},{\"@type\":\"Organization\",\"@id\":\"https:\/\/mapasolucoes.com\/#organization\",\"name\":\"Mapa Solucoes\",\"url\":\"https:\/\/mapasolucoes.com\/\",\"logo\":{\"@type\":\"ImageObject\",\"inLanguage\":\"pt-PT\",\"@id\":\"https:\/\/mapasolucoes.com\/#\/schema\/logo\/image\/\",\"url\":\"https:\/\/mapasolucoes.com\/wp-content\/uploads\/2023\/01\/LOGO-MAPA-1.png\",\"contentUrl\":\"https:\/\/mapasolucoes.com\/wp-content\/uploads\/2023\/01\/LOGO-MAPA-1.png\",\"width\":1222,\"height\":545,\"caption\":\"Mapa Solucoes\"},\"image\":{\"@id\":\"https:\/\/mapasolucoes.com\/#\/schema\/logo\/image\/\"},\"sameAs\":[\"https:\/\/www.facebook.com\/people\/MAPA-Solues\/100090357625675\/?is_tour_completed=true\",\"https:\/\/www.instagram.com\/mapasolucoescom\/\",\"https:\/\/www.linkedin.com\/company\/mapasolues\/\"]}]}<\/script>\n<!-- \/ Yoast SEO plugin. -->","yoast_head_json":{"title":"[Servi\u00e7os] \u2013 PER\u00cdCIA E AUDITORIA - Mapa Solucoes","robots":{"index":"index","follow":"follow","max-snippet":"max-snippet:-1","max-image-preview":"max-image-preview:large","max-video-preview":"max-video-preview:-1"},"canonical":"https:\/\/mapasolucoes.com\/index.php\/servicos-pericia-e-auditoria\/","og_locale":"pt_PT","og_type":"article","og_title":"[Servi\u00e7os] \u2013 PER\u00cdCIA E AUDITORIA - Mapa Solucoes","og_description":"A import\u00e2ncia de contribuir com o desenvolvimento sustent\u00e1vel \u00e9 hoje vital em qualquer empresa, n\u00f3s da MAPA SOLU\u00c7\u00d5ES possu\u00edmos equipe t\u00e9cnica multidisciplinar que fornece presta\u00e7\u00e3o de servi\u00e7os para Auditoria e Per\u00edcia Ambiental. Como ferramenta de gest\u00e3o, estes servi\u00e7os visam principalmente orientar e adequar o empreendimento aos crit\u00e9rios ambientais pr\u00e9-estabelecidos. Estamos preparados a apresentar solu\u00e7\u00f5es de [&hellip;]","og_url":"https:\/\/mapasolucoes.com\/index.php\/servicos-pericia-e-auditoria\/","og_site_name":"Mapa Solucoes","article_publisher":"https:\/\/www.facebook.com\/people\/MAPA-Solues\/100090357625675\/?is_tour_completed=true","article_modified_time":"2023-02-28T18:29:19+00:00","og_image":[{"url":"https:\/\/mapasolucoes.com\/wp-content\/uploads\/2023\/02\/PERICIA-E-AUDITORIA-300x300.png"}],"twitter_card":"summary_large_image","schema":{"@context":"https:\/\/schema.org","@graph":[{"@type":"WebPage","@id":"https:\/\/mapasolucoes.com\/index.php\/servicos-pericia-e-auditoria\/","url":"https:\/\/mapasolucoes.com\/index.php\/servicos-pericia-e-auditoria\/","name":"[Servi\u00e7os] \u2013 PER\u00cdCIA E AUDITORIA - Mapa Solucoes","isPartOf":{"@id":"https:\/\/mapasolucoes.com\/#website"},"datePublished":"2023-02-03T18:24:24+00:00","dateModified":"2023-02-28T18:29:19+00:00","breadcrumb":{"@id":"https:\/\/mapasolucoes.com\/index.php\/servicos-pericia-e-auditoria\/#breadcrumb"},"inLanguage":"pt-PT","potentialAction":[{"@type":"ReadAction","target":["https:\/\/mapasolucoes.com\/index.php\/servicos-pericia-e-auditoria\/"]}]},{"@type":"BreadcrumbList","@id":"https:\/\/mapasolucoes.com\/index.php\/servicos-pericia-e-auditoria\/#breadcrumb","itemListElement":[{"@type":"ListItem","position":1,"name":"In\u00edcio","item":"https:\/\/mapasolucoes.com\/"},{"@type":"ListItem","position":2,"name":"[Servi\u00e7os] \u2013 PER\u00cdCIA E AUDITORIA"}]},{"@type":"WebSite","@id":"https:\/\/mapasolucoes.com\/#website","url":"https:\/\/mapasolucoes.com\/","name":"Mapa Solucoes","description":"","publisher":{"@id":"https:\/\/mapasolucoes.com\/#organization"},"potentialAction":[{"@type":"SearchAction","target":{"@type":"EntryPoint","urlTemplate":"https:\/\/mapasolucoes.com\/?s={search_term_string}"},"query-input":"required name=search_term_string"}],"inLanguage":"pt-PT"},{"@type":"Organization","@id":"https:\/\/mapasolucoes.com\/#organization","name":"Mapa Solucoes","url":"https:\/\/mapasolucoes.com\/","logo":{"@type":"ImageObject","inLanguage":"pt-PT","@id":"https:\/\/mapasolucoes.com\/#\/schema\/logo\/image\/","url":"https:\/\/mapasolucoes.com\/wp-content\/uploads\/2023\/01\/LOGO-MAPA-1.png","contentUrl":"https:\/\/mapasolucoes.com\/wp-content\/uploads\/2023\/01\/LOGO-MAPA-1.png","width":1222,"height":545,"caption":"Mapa Solucoes"},"image":{"@id":"https:\/\/mapasolucoes.com\/#\/schema\/logo\/image\/"},"sameAs":["https:\/\/www.facebook.com\/people\/MAPA-Solues\/100090357625675\/?is_tour_completed=true","https:\/\/www.instagram.com\/mapasolucoescom\/","https:\/\/www.linkedin.com\/company\/mapasolues\/"]}]}},"_links":{"self":[{"href":"https:\/\/mapasolucoes.com\/index.php\/wp-json\/wp\/v2\/pages\/303","targetHints":{"allow":["GET"]}}],"collection":[{"href":"https:\/\/mapasolucoes.com\/index.php\/wp-json\/wp\/v2\/pages"}],"about":[{"href":"https:\/\/mapasolucoes.com\/index.php\/wp-json\/wp\/v2\/types\/page"}],"author":[{"embeddable":true,"href":"https:\/\/mapasolucoes.com\/index.php\/wp-json\/wp\/v2\/users\/1"}],"replies":[{"embeddable":true,"href":"https:\/\/mapasolucoes.com\/index.php\/wp-json\/wp\/v2\/comments?post=303"}],"version-history":[{"count":31,"href":"https:\/\/mapasolucoes.com\/index.php\/wp-json\/wp\/v2\/pages\/303\/revisions"}],"predecessor-version":[{"id":1292,"href":"https:\/\/mapasolucoes.com\/index.php\/wp-json\/wp\/v2\/pages\/303\/revisions\/1292"}],"wp:attachment":[{"href":"https:\/\/mapasolucoes.com\/index.php\/wp-json\/wp\/v2\/media?parent=303"}],"curies":[{"name":"wp","href":"https:\/\/api.w.org\/{rel}","templated":true}]}}