{"id":341,"date":"2023-02-03T15:49:19","date_gmt":"2023-02-03T18:49:19","guid":{"rendered":"https:\/\/mapasolucoes.com\/?page_id=341"},"modified":"2023-02-28T15:30:03","modified_gmt":"2023-02-28T18:30:03","slug":"servicos-cursos-palestras-e-treinamentos","status":"publish","type":"page","link":"https:\/\/mapasolucoes.com\/index.php\/servicos-cursos-palestras-e-treinamentos\/","title":{"rendered":"[Servi\u00e7os] \u2013 CURSOS, PALESTRAS E TREINAMENTOS"},"content":{"rendered":"\t\t<div data-elementor-type=\"wp-page\" data-elementor-id=\"341\" class=\"elementor elementor-341\" data-elementor-post-type=\"page\">\n\t\t\t\t\t\t\t\t\t<section class=\"elementor-section elementor-top-section elementor-element elementor-element-5164a252 elementor-section-boxed elementor-section-height-default elementor-section-height-default\" data-id=\"5164a252\" data-element_type=\"section\">\n\t\t\t\t\t\t<div class=\"elementor-container elementor-column-gap-default\">\n\t\t\t\t\t<div class=\"elementor-column elementor-col-100 elementor-top-column elementor-element elementor-element-136ee6b0\" data-id=\"136ee6b0\" data-element_type=\"column\">\n\t\t\t<div class=\"elementor-widget-wrap elementor-element-populated\">\n\t\t\t\t\t\t\t\t<div class=\"elementor-element elementor-element-778ed364 elementor-widget elementor-widget-image\" data-id=\"778ed364\" data-element_type=\"widget\" data-widget_type=\"image.default\">\n\t\t\t\t<div class=\"elementor-widget-container\">\n\t\t\t<style>\/*! elementor - v3.17.0 - 08-11-2023 *\/\n.elementor-widget-image{text-align:center}.elementor-widget-image a{display:inline-block}.elementor-widget-image a img[src$=\".svg\"]{width:48px}.elementor-widget-image img{vertical-align:middle;display:inline-block}<\/style>\t\t\t\t\t\t\t\t\t\t\t\t<img loading=\"lazy\" decoding=\"async\" width=\"300\" height=\"300\" src=\"https:\/\/mapasolucoes.com\/wp-content\/uploads\/2023\/02\/Design-sem-nome-2-300x300.png\" class=\"attachment-medium size-medium wp-image-315\" alt=\"\" srcset=\"https:\/\/mapasolucoes.com\/wp-content\/uploads\/2023\/02\/Design-sem-nome-2.png 300w, https:\/\/mapasolucoes.com\/wp-content\/uploads\/2023\/02\/Design-sem-nome-2-150x150.png 150w\" sizes=\"auto, (max-width: 300px) 100vw, 300px\" \/>\t\t\t\t\t\t\t\t\t\t\t\t\t\t\t<\/div>\n\t\t\t\t<\/div>\n\t\t\t\t\t<\/div>\n\t\t<\/div>\n\t\t\t\t\t\t\t<\/div>\n\t\t<\/section>\n\t\t\t\t<section class=\"elementor-section elementor-top-section elementor-element elementor-element-e72d6d3 elementor-section-boxed elementor-section-height-default elementor-section-height-default\" data-id=\"e72d6d3\" data-element_type=\"section\">\n\t\t\t\t\t\t<div class=\"elementor-container elementor-column-gap-default\">\n\t\t\t\t\t<div class=\"elementor-column elementor-col-100 elementor-top-column elementor-element elementor-element-dde5bef\" data-id=\"dde5bef\" data-element_type=\"column\">\n\t\t\t<div class=\"elementor-widget-wrap elementor-element-populated\">\n\t\t\t\t\t\t\t\t<section class=\"elementor-section elementor-inner-section elementor-element elementor-element-27ce547a elementor-section-boxed elementor-section-height-default elementor-section-height-default\" data-id=\"27ce547a\" data-element_type=\"section\">\n\t\t\t\t\t\t<div class=\"elementor-container elementor-column-gap-default\">\n\t\t\t\t\t<div class=\"elementor-column elementor-col-50 elementor-inner-column elementor-element elementor-element-23072180\" data-id=\"23072180\" data-element_type=\"column\">\n\t\t\t<div class=\"elementor-widget-wrap elementor-element-populated\">\n\t\t\t\t\t\t\t\t<div class=\"elementor-element elementor-element-564122e4 elementor-widget elementor-widget-image\" data-id=\"564122e4\" data-element_type=\"widget\" data-widget_type=\"image.default\">\n\t\t\t\t<div class=\"elementor-widget-container\">\n\t\t\t\t\t\t\t\t\t\t\t\t\t\t\t<img loading=\"lazy\" decoding=\"async\" width=\"768\" height=\"512\" src=\"https:\/\/mapasolucoes.com\/wp-content\/uploads\/2023\/02\/alexandre-pellaes-6vAjp0pscX0-unsplash-768x512.jpg\" class=\"attachment-medium_large size-medium_large wp-image-343\" alt=\"\" srcset=\"https:\/\/mapasolucoes.com\/wp-content\/uploads\/2023\/02\/alexandre-pellaes-6vAjp0pscX0-unsplash-768x512.jpg 768w, https:\/\/mapasolucoes.com\/wp-content\/uploads\/2023\/02\/alexandre-pellaes-6vAjp0pscX0-unsplash-300x200.jpg 300w, https:\/\/mapasolucoes.com\/wp-content\/uploads\/2023\/02\/alexandre-pellaes-6vAjp0pscX0-unsplash-1024x683.jpg 1024w, https:\/\/mapasolucoes.com\/wp-content\/uploads\/2023\/02\/alexandre-pellaes-6vAjp0pscX0-unsplash-1536x1024.jpg 1536w, https:\/\/mapasolucoes.com\/wp-content\/uploads\/2023\/02\/alexandre-pellaes-6vAjp0pscX0-unsplash-2048x1365.jpg 2048w\" sizes=\"auto, (max-width: 768px) 100vw, 768px\" \/>\t\t\t\t\t\t\t\t\t\t\t\t\t\t\t<\/div>\n\t\t\t\t<\/div>\n\t\t\t\t\t<\/div>\n\t\t<\/div>\n\t\t\t\t<div class=\"elementor-column elementor-col-50 elementor-inner-column elementor-element elementor-element-669b84d6\" data-id=\"669b84d6\" data-element_type=\"column\">\n\t\t\t<div class=\"elementor-widget-wrap elementor-element-populated\">\n\t\t\t\t\t\t\t\t<div class=\"elementor-element elementor-element-37a3863b elementor-widget elementor-widget-text-editor\" data-id=\"37a3863b\" data-element_type=\"widget\" data-widget_type=\"text-editor.default\">\n\t\t\t\t<div class=\"elementor-widget-container\">\n\t\t\t<style>\/*! elementor - v3.17.0 - 08-11-2023 *\/\n.elementor-widget-text-editor.elementor-drop-cap-view-stacked .elementor-drop-cap{background-color:#69727d;color:#fff}.elementor-widget-text-editor.elementor-drop-cap-view-framed .elementor-drop-cap{color:#69727d;border:3px solid;background-color:transparent}.elementor-widget-text-editor:not(.elementor-drop-cap-view-default) .elementor-drop-cap{margin-top:8px}.elementor-widget-text-editor:not(.elementor-drop-cap-view-default) .elementor-drop-cap-letter{width:1em;height:1em}.elementor-widget-text-editor .elementor-drop-cap{float:left;text-align:center;line-height:1;font-size:50px}.elementor-widget-text-editor .elementor-drop-cap-letter{display:inline-block}<\/style>\t\t\t\t<p>A MAPA SOLU\u00c7\u00d5ES tem em seu portif\u00f3lio de servi\u00e7os a assessoria em <strong>Meio Ambiente e Seguran\u00e7a do Trabalho.<\/strong> Por meio de <strong>palestras, cursos e treinamento,<\/strong> que podem ser ministrados em <strong>eventos p\u00fablicos ou particulares<\/strong>, <strong>remota ou presencialmente<\/strong>, essa assessoria tem o objetivo de capacitar e informar um p\u00fablico sobre as tem\u00e1ticas requeridas, contendo <strong>Certificado e Plano de Ensino<\/strong> (para curso).<\/p><p>Nossa metodologia trabalha com os seguintes aspectos: <strong>Exposi\u00e7\u00e3o interativa e tem\u00e1tica (visual, data show); Conte\u00fado amplo e assertivo; e Intera\u00e7\u00e3o com o p\u00fablico.<\/strong><\/p><p>Confira alguns dos nossos temas:<\/p>\t\t\t\t\t\t<\/div>\n\t\t\t\t<\/div>\n\t\t\t\t\t<\/div>\n\t\t<\/div>\n\t\t\t\t\t\t\t<\/div>\n\t\t<\/section>\n\t\t\t\t\t<\/div>\n\t\t<\/div>\n\t\t\t\t\t\t\t<\/div>\n\t\t<\/section>\n\t\t\t\t<section class=\"elementor-section elementor-top-section elementor-element elementor-element-3785099 elementor-section-boxed elementor-section-height-default elementor-section-height-default\" data-id=\"3785099\" data-element_type=\"section\">\n\t\t\t\t\t\t<div class=\"elementor-container elementor-column-gap-default\">\n\t\t\t\t\t<div class=\"elementor-column elementor-col-100 elementor-top-column elementor-element elementor-element-65caad0\" data-id=\"65caad0\" data-element_type=\"column\">\n\t\t\t<div class=\"elementor-widget-wrap elementor-element-populated\">\n\t\t\t\t\t\t\t\t<section class=\"elementor-section elementor-inner-section elementor-element elementor-element-a8d9bbf elementor-section-boxed elementor-section-height-default elementor-section-height-default\" data-id=\"a8d9bbf\" data-element_type=\"section\">\n\t\t\t\t\t\t<div class=\"elementor-container elementor-column-gap-default\">\n\t\t\t\t\t<div class=\"elementor-column elementor-col-50 elementor-inner-column elementor-element elementor-element-2ed533c\" data-id=\"2ed533c\" data-element_type=\"column\">\n\t\t\t<div class=\"elementor-widget-wrap elementor-element-populated\">\n\t\t\t\t\t\t\t\t<div class=\"elementor-element elementor-element-7cddce0 elementor-widget elementor-widget-image\" data-id=\"7cddce0\" data-element_type=\"widget\" data-widget_type=\"image.default\">\n\t\t\t\t<div class=\"elementor-widget-container\">\n\t\t\t\t\t\t\t\t\t\t\t\t\t\t\t<img loading=\"lazy\" decoding=\"async\" width=\"768\" height=\"512\" src=\"https:\/\/mapasolucoes.com\/wp-content\/uploads\/2023\/02\/douglas-lopez-WFItslWB89M-unsplash-768x512.jpg\" class=\"attachment-medium_large size-medium_large wp-image-344\" alt=\"\" srcset=\"https:\/\/mapasolucoes.com\/wp-content\/uploads\/2023\/02\/douglas-lopez-WFItslWB89M-unsplash-768x512.jpg 768w, https:\/\/mapasolucoes.com\/wp-content\/uploads\/2023\/02\/douglas-lopez-WFItslWB89M-unsplash-300x200.jpg 300w, https:\/\/mapasolucoes.com\/wp-content\/uploads\/2023\/02\/douglas-lopez-WFItslWB89M-unsplash-1024x683.jpg 1024w, https:\/\/mapasolucoes.com\/wp-content\/uploads\/2023\/02\/douglas-lopez-WFItslWB89M-unsplash-1536x1024.jpg 1536w, https:\/\/mapasolucoes.com\/wp-content\/uploads\/2023\/02\/douglas-lopez-WFItslWB89M-unsplash-2048x1365.jpg 2048w\" sizes=\"auto, (max-width: 768px) 100vw, 768px\" \/>\t\t\t\t\t\t\t\t\t\t\t\t\t\t\t<\/div>\n\t\t\t\t<\/div>\n\t\t\t\t\t<\/div>\n\t\t<\/div>\n\t\t\t\t<div class=\"elementor-column elementor-col-50 elementor-inner-column elementor-element elementor-element-50ef14a\" data-id=\"50ef14a\" data-element_type=\"column\">\n\t\t\t<div class=\"elementor-widget-wrap elementor-element-populated\">\n\t\t\t\t\t\t\t\t<div class=\"elementor-element elementor-element-2cc6575 elementor-widget elementor-widget-text-editor\" data-id=\"2cc6575\" data-element_type=\"widget\" data-widget_type=\"text-editor.default\">\n\t\t\t\t<div class=\"elementor-widget-container\">\n\t\t\t\t\t\t\t<h3><strong>MEIO AMBIENTE E SUSTENTABILIDADE:<\/strong><\/h3><ul><li>Educa\u00e7\u00e3o Ambiental e Corporativa;<\/li><li>Licenciamento Ambiental;<\/li><\/ul><ul><li>Impactos Ambientais e suas Consequ\u00eancias;<\/li><li>Recupera\u00e7\u00e3o de \u00c1reas Degradadas e a Import\u00e2ncia da Aplica\u00e7\u00e3o do PRAD;<\/li><li>Res\u00edduos S\u00f3lidos e a pol\u00edtica dos 5 Rs;<\/li><li>\u00c1reas de Preserva\u00e7\u00e3o e Conserva\u00e7\u00e3o;<\/li><\/ul>\t\t\t\t\t\t<\/div>\n\t\t\t\t<\/div>\n\t\t\t\t\t<\/div>\n\t\t<\/div>\n\t\t\t\t\t\t\t<\/div>\n\t\t<\/section>\n\t\t\t\t\t<\/div>\n\t\t<\/div>\n\t\t\t\t\t\t\t<\/div>\n\t\t<\/section>\n\t\t\t\t<section class=\"elementor-section elementor-top-section elementor-element elementor-element-bacf32f elementor-section-boxed elementor-section-height-default elementor-section-height-default\" data-id=\"bacf32f\" data-element_type=\"section\">\n\t\t\t\t\t\t<div class=\"elementor-container elementor-column-gap-default\">\n\t\t\t\t\t<div class=\"elementor-column elementor-col-100 elementor-top-column elementor-element elementor-element-dd06848\" data-id=\"dd06848\" data-element_type=\"column\">\n\t\t\t<div class=\"elementor-widget-wrap elementor-element-populated\">\n\t\t\t\t\t\t\t\t<section class=\"elementor-section elementor-inner-section elementor-element elementor-element-f48df32 elementor-section-boxed elementor-section-height-default elementor-section-height-default\" data-id=\"f48df32\" data-element_type=\"section\">\n\t\t\t\t\t\t<div class=\"elementor-container elementor-column-gap-default\">\n\t\t\t\t\t<div class=\"elementor-column elementor-col-50 elementor-inner-column elementor-element elementor-element-e0b6919\" data-id=\"e0b6919\" data-element_type=\"column\">\n\t\t\t<div class=\"elementor-widget-wrap elementor-element-populated\">\n\t\t\t\t\t\t\t\t<div class=\"elementor-element elementor-element-63c91f0 elementor-widget elementor-widget-image\" data-id=\"63c91f0\" data-element_type=\"widget\" data-widget_type=\"image.default\">\n\t\t\t\t<div class=\"elementor-widget-container\">\n\t\t\t\t\t\t\t\t\t\t\t\t\t\t\t<img loading=\"lazy\" decoding=\"async\" width=\"768\" height=\"467\" src=\"https:\/\/mapasolucoes.com\/wp-content\/uploads\/2023\/02\/pop-zebra-wp81DxKUd1E-unsplash-768x467.jpg\" class=\"attachment-medium_large size-medium_large wp-image-290\" alt=\"\" srcset=\"https:\/\/mapasolucoes.com\/wp-content\/uploads\/2023\/02\/pop-zebra-wp81DxKUd1E-unsplash-768x467.jpg 768w, https:\/\/mapasolucoes.com\/wp-content\/uploads\/2023\/02\/pop-zebra-wp81DxKUd1E-unsplash-300x183.jpg 300w, https:\/\/mapasolucoes.com\/wp-content\/uploads\/2023\/02\/pop-zebra-wp81DxKUd1E-unsplash-1024x623.jpg 1024w, https:\/\/mapasolucoes.com\/wp-content\/uploads\/2023\/02\/pop-zebra-wp81DxKUd1E-unsplash-1536x934.jpg 1536w, https:\/\/mapasolucoes.com\/wp-content\/uploads\/2023\/02\/pop-zebra-wp81DxKUd1E-unsplash-2048x1246.jpg 2048w\" sizes=\"auto, (max-width: 768px) 100vw, 768px\" \/>\t\t\t\t\t\t\t\t\t\t\t\t\t\t\t<\/div>\n\t\t\t\t<\/div>\n\t\t\t\t\t<\/div>\n\t\t<\/div>\n\t\t\t\t<div class=\"elementor-column elementor-col-50 elementor-inner-column elementor-element elementor-element-aeac1e0\" data-id=\"aeac1e0\" data-element_type=\"column\">\n\t\t\t<div class=\"elementor-widget-wrap elementor-element-populated\">\n\t\t\t\t\t\t\t\t<div class=\"elementor-element elementor-element-4b519ab elementor-widget elementor-widget-text-editor\" data-id=\"4b519ab\" data-element_type=\"widget\" data-widget_type=\"text-editor.default\">\n\t\t\t\t<div class=\"elementor-widget-container\">\n\t\t\t\t\t\t\t<h3><strong>SEGURAN\u00c7A DO TRABALHO:<\/strong><\/h3><ul><li>NR 5 Comiss\u00e3o Interna de Preven\u00e7\u00e3o de Acidentes (CIPA);<\/li><li>NR 6 Equipamento de Prote\u00e7\u00e3o Individual;<\/li><li>NR 9 Programa de Preven\u00e7\u00e3o de Riscos Ambientais;<\/li><li>NR 12 Seguran\u00e7a no Trabalho em M\u00e1quinas e Equipamentos;<\/li><li>NR 17 Ergonomia;<\/li><li>NR 20 L\u00edquidos Combust\u00edveis e Inflam\u00e1veis;<\/li><li>NR 23 Prote\u00e7\u00e3o contra inc\u00eandios;<\/li><li>NR 31 Seguran\u00e7a e Sa\u00fade no Trab. na Agricultura, Pecu\u00e1ria, Explora\u00e7\u00e3o Florestal; e outros.<br \/><br \/><\/li><\/ul><p><strong>Caso tenha interesse em algum tema ofertado ou deseje desenvolver um tema espec\u00edfico, entre em contato com a MAPA SOLU\u00c7\u00d5ES.<\/strong><\/p>\t\t\t\t\t\t<\/div>\n\t\t\t\t<\/div>\n\t\t\t\t\t<\/div>\n\t\t<\/div>\n\t\t\t\t\t\t\t<\/div>\n\t\t<\/section>\n\t\t\t\t\t<\/div>\n\t\t<\/div>\n\t\t\t\t\t\t\t<\/div>\n\t\t<\/section>\n\t\t\t\t\t\t\t<\/div>\n\t\t","protected":false},"excerpt":{"rendered":"<p>A MAPA SOLU\u00c7\u00d5ES tem em seu portif\u00f3lio de servi\u00e7os a assessoria em Meio Ambiente e Seguran\u00e7a do Trabalho. Por meio de palestras, cursos e treinamento, que podem ser ministrados em eventos p\u00fablicos ou particulares, remota ou presencialmente, essa assessoria tem o objetivo de capacitar e informar um p\u00fablico sobre as tem\u00e1ticas requeridas, contendo Certificado e [&hellip;]<\/p>\n","protected":false},"author":1,"featured_media":0,"parent":0,"menu_order":0,"comment_status":"closed","ping_status":"closed","template":"elementor_header_footer","meta":{"_joinchat":[],"footnotes":""},"class_list":["post-341","page","type-page","status-publish","hentry"],"yoast_head":"<!-- This site is optimized with the Yoast SEO plugin v21.5 - https:\/\/yoast.com\/wordpress\/plugins\/seo\/ -->\n<title>[Servi\u00e7os] \u2013 CURSOS, PALESTRAS E TREINAMENTOS - Mapa Solucoes<\/title>\n<meta name=\"robots\" content=\"index, follow, max-snippet:-1, max-image-preview:large, max-video-preview:-1\" \/>\n<link rel=\"canonical\" href=\"https:\/\/mapasolucoes.com\/index.php\/servicos-cursos-palestras-e-treinamentos\/\" \/>\n<meta property=\"og:locale\" content=\"pt_PT\" \/>\n<meta property=\"og:type\" content=\"article\" \/>\n<meta property=\"og:title\" content=\"[Servi\u00e7os] \u2013 CURSOS, PALESTRAS E TREINAMENTOS - Mapa Solucoes\" \/>\n<meta property=\"og:description\" content=\"A MAPA SOLU\u00c7\u00d5ES tem em seu portif\u00f3lio de servi\u00e7os a assessoria em Meio Ambiente e Seguran\u00e7a do Trabalho. Por meio de palestras, cursos e treinamento, que podem ser ministrados em eventos p\u00fablicos ou particulares, remota ou presencialmente, essa assessoria tem o objetivo de capacitar e informar um p\u00fablico sobre as tem\u00e1ticas requeridas, contendo Certificado e [&hellip;]\" \/>\n<meta property=\"og:url\" content=\"https:\/\/mapasolucoes.com\/index.php\/servicos-cursos-palestras-e-treinamentos\/\" \/>\n<meta property=\"og:site_name\" content=\"Mapa Solucoes\" \/>\n<meta property=\"article:publisher\" content=\"https:\/\/www.facebook.com\/people\/MAPA-Solues\/100090357625675\/?is_tour_completed=true\" \/>\n<meta property=\"article:modified_time\" content=\"2023-02-28T18:30:03+00:00\" \/>\n<meta property=\"og:image\" content=\"https:\/\/mapasolucoes.com\/wp-content\/uploads\/2023\/02\/Design-sem-nome-2-300x300.png\" \/>\n<meta name=\"twitter:card\" content=\"summary_large_image\" \/>\n<meta name=\"twitter:label1\" content=\"Tempo estimado de leitura\" \/>\n\t<meta name=\"twitter:data1\" content=\"1 minuto\" \/>\n<script type=\"application\/ld+json\" class=\"yoast-schema-graph\">{\"@context\":\"https:\/\/schema.org\",\"@graph\":[{\"@type\":\"WebPage\",\"@id\":\"https:\/\/mapasolucoes.com\/index.php\/servicos-cursos-palestras-e-treinamentos\/\",\"url\":\"https:\/\/mapasolucoes.com\/index.php\/servicos-cursos-palestras-e-treinamentos\/\",\"name\":\"[Servi\u00e7os] \u2013 CURSOS, PALESTRAS E TREINAMENTOS - Mapa Solucoes\",\"isPartOf\":{\"@id\":\"https:\/\/mapasolucoes.com\/#website\"},\"datePublished\":\"2023-02-03T18:49:19+00:00\",\"dateModified\":\"2023-02-28T18:30:03+00:00\",\"breadcrumb\":{\"@id\":\"https:\/\/mapasolucoes.com\/index.php\/servicos-cursos-palestras-e-treinamentos\/#breadcrumb\"},\"inLanguage\":\"pt-PT\",\"potentialAction\":[{\"@type\":\"ReadAction\",\"target\":[\"https:\/\/mapasolucoes.com\/index.php\/servicos-cursos-palestras-e-treinamentos\/\"]}]},{\"@type\":\"BreadcrumbList\",\"@id\":\"https:\/\/mapasolucoes.com\/index.php\/servicos-cursos-palestras-e-treinamentos\/#breadcrumb\",\"itemListElement\":[{\"@type\":\"ListItem\",\"position\":1,\"name\":\"In\u00edcio\",\"item\":\"https:\/\/mapasolucoes.com\/\"},{\"@type\":\"ListItem\",\"position\":2,\"name\":\"[Servi\u00e7os] \u2013 CURSOS, PALESTRAS E TREINAMENTOS\"}]},{\"@type\":\"WebSite\",\"@id\":\"https:\/\/mapasolucoes.com\/#website\",\"url\":\"https:\/\/mapasolucoes.com\/\",\"name\":\"Mapa Solucoes\",\"description\":\"\",\"publisher\":{\"@id\":\"https:\/\/mapasolucoes.com\/#organization\"},\"potentialAction\":[{\"@type\":\"SearchAction\",\"target\":{\"@type\":\"EntryPoint\",\"urlTemplate\":\"https:\/\/mapasolucoes.com\/?s={search_term_string}\"},\"query-input\":\"required name=search_term_string\"}],\"inLanguage\":\"pt-PT\"},{\"@type\":\"Organization\",\"@id\":\"https:\/\/mapasolucoes.com\/#organization\",\"name\":\"Mapa Solucoes\",\"url\":\"https:\/\/mapasolucoes.com\/\",\"logo\":{\"@type\":\"ImageObject\",\"inLanguage\":\"pt-PT\",\"@id\":\"https:\/\/mapasolucoes.com\/#\/schema\/logo\/image\/\",\"url\":\"https:\/\/mapasolucoes.com\/wp-content\/uploads\/2023\/01\/LOGO-MAPA-1.png\",\"contentUrl\":\"https:\/\/mapasolucoes.com\/wp-content\/uploads\/2023\/01\/LOGO-MAPA-1.png\",\"width\":1222,\"height\":545,\"caption\":\"Mapa Solucoes\"},\"image\":{\"@id\":\"https:\/\/mapasolucoes.com\/#\/schema\/logo\/image\/\"},\"sameAs\":[\"https:\/\/www.facebook.com\/people\/MAPA-Solues\/100090357625675\/?is_tour_completed=true\",\"https:\/\/www.instagram.com\/mapasolucoescom\/\",\"https:\/\/www.linkedin.com\/company\/mapasolues\/\"]}]}<\/script>\n<!-- \/ Yoast SEO plugin. -->","yoast_head_json":{"title":"[Servi\u00e7os] \u2013 CURSOS, PALESTRAS E TREINAMENTOS - Mapa Solucoes","robots":{"index":"index","follow":"follow","max-snippet":"max-snippet:-1","max-image-preview":"max-image-preview:large","max-video-preview":"max-video-preview:-1"},"canonical":"https:\/\/mapasolucoes.com\/index.php\/servicos-cursos-palestras-e-treinamentos\/","og_locale":"pt_PT","og_type":"article","og_title":"[Servi\u00e7os] \u2013 CURSOS, PALESTRAS E TREINAMENTOS - Mapa Solucoes","og_description":"A MAPA SOLU\u00c7\u00d5ES tem em seu portif\u00f3lio de servi\u00e7os a assessoria em Meio Ambiente e Seguran\u00e7a do Trabalho. Por meio de palestras, cursos e treinamento, que podem ser ministrados em eventos p\u00fablicos ou particulares, remota ou presencialmente, essa assessoria tem o objetivo de capacitar e informar um p\u00fablico sobre as tem\u00e1ticas requeridas, contendo Certificado e [&hellip;]","og_url":"https:\/\/mapasolucoes.com\/index.php\/servicos-cursos-palestras-e-treinamentos\/","og_site_name":"Mapa Solucoes","article_publisher":"https:\/\/www.facebook.com\/people\/MAPA-Solues\/100090357625675\/?is_tour_completed=true","article_modified_time":"2023-02-28T18:30:03+00:00","og_image":[{"url":"https:\/\/mapasolucoes.com\/wp-content\/uploads\/2023\/02\/Design-sem-nome-2-300x300.png"}],"twitter_card":"summary_large_image","twitter_misc":{"Tempo estimado de leitura":"1 minuto"},"schema":{"@context":"https:\/\/schema.org","@graph":[{"@type":"WebPage","@id":"https:\/\/mapasolucoes.com\/index.php\/servicos-cursos-palestras-e-treinamentos\/","url":"https:\/\/mapasolucoes.com\/index.php\/servicos-cursos-palestras-e-treinamentos\/","name":"[Servi\u00e7os] \u2013 CURSOS, PALESTRAS E TREINAMENTOS - Mapa Solucoes","isPartOf":{"@id":"https:\/\/mapasolucoes.com\/#website"},"datePublished":"2023-02-03T18:49:19+00:00","dateModified":"2023-02-28T18:30:03+00:00","breadcrumb":{"@id":"https:\/\/mapasolucoes.com\/index.php\/servicos-cursos-palestras-e-treinamentos\/#breadcrumb"},"inLanguage":"pt-PT","potentialAction":[{"@type":"ReadAction","target":["https:\/\/mapasolucoes.com\/index.php\/servicos-cursos-palestras-e-treinamentos\/"]}]},{"@type":"BreadcrumbList","@id":"https:\/\/mapasolucoes.com\/index.php\/servicos-cursos-palestras-e-treinamentos\/#breadcrumb","itemListElement":[{"@type":"ListItem","position":1,"name":"In\u00edcio","item":"https:\/\/mapasolucoes.com\/"},{"@type":"ListItem","position":2,"name":"[Servi\u00e7os] \u2013 CURSOS, PALESTRAS E TREINAMENTOS"}]},{"@type":"WebSite","@id":"https:\/\/mapasolucoes.com\/#website","url":"https:\/\/mapasolucoes.com\/","name":"Mapa Solucoes","description":"","publisher":{"@id":"https:\/\/mapasolucoes.com\/#organization"},"potentialAction":[{"@type":"SearchAction","target":{"@type":"EntryPoint","urlTemplate":"https:\/\/mapasolucoes.com\/?s={search_term_string}"},"query-input":"required name=search_term_string"}],"inLanguage":"pt-PT"},{"@type":"Organization","@id":"https:\/\/mapasolucoes.com\/#organization","name":"Mapa Solucoes","url":"https:\/\/mapasolucoes.com\/","logo":{"@type":"ImageObject","inLanguage":"pt-PT","@id":"https:\/\/mapasolucoes.com\/#\/schema\/logo\/image\/","url":"https:\/\/mapasolucoes.com\/wp-content\/uploads\/2023\/01\/LOGO-MAPA-1.png","contentUrl":"https:\/\/mapasolucoes.com\/wp-content\/uploads\/2023\/01\/LOGO-MAPA-1.png","width":1222,"height":545,"caption":"Mapa Solucoes"},"image":{"@id":"https:\/\/mapasolucoes.com\/#\/schema\/logo\/image\/"},"sameAs":["https:\/\/www.facebook.com\/people\/MAPA-Solues\/100090357625675\/?is_tour_completed=true","https:\/\/www.instagram.com\/mapasolucoescom\/","https:\/\/www.linkedin.com\/company\/mapasolues\/"]}]}},"_links":{"self":[{"href":"https:\/\/mapasolucoes.com\/index.php\/wp-json\/wp\/v2\/pages\/341","targetHints":{"allow":["GET"]}}],"collection":[{"href":"https:\/\/mapasolucoes.com\/index.php\/wp-json\/wp\/v2\/pages"}],"about":[{"href":"https:\/\/mapasolucoes.com\/index.php\/wp-json\/wp\/v2\/types\/page"}],"author":[{"embeddable":true,"href":"https:\/\/mapasolucoes.com\/index.php\/wp-json\/wp\/v2\/users\/1"}],"replies":[{"embeddable":true,"href":"https:\/\/mapasolucoes.com\/index.php\/wp-json\/wp\/v2\/comments?post=341"}],"version-history":[{"count":40,"href":"https:\/\/mapasolucoes.com\/index.php\/wp-json\/wp\/v2\/pages\/341\/revisions"}],"predecessor-version":[{"id":1298,"href":"https:\/\/mapasolucoes.com\/index.php\/wp-json\/wp\/v2\/pages\/341\/revisions\/1298"}],"wp:attachment":[{"href":"https:\/\/mapasolucoes.com\/index.php\/wp-json\/wp\/v2\/media?parent=341"}],"curies":[{"name":"wp","href":"https:\/\/api.w.org\/{rel}","templated":true}]}}