{"id":357,"date":"2023-02-03T15:59:25","date_gmt":"2023-02-03T18:59:25","guid":{"rendered":"https:\/\/mapasolucoes.com\/?page_id=357"},"modified":"2023-03-01T11:18:49","modified_gmt":"2023-03-01T14:18:49","slug":"servicos-regulacao-fundiaria","status":"publish","type":"page","link":"https:\/\/mapasolucoes.com\/index.php\/servicos-regulacao-fundiaria\/","title":{"rendered":"[Servi\u00e7os] \u2013 REGULA\u00c7\u00c3O FUNDI\u00c1RIA"},"content":{"rendered":"\t\t<div data-elementor-type=\"wp-page\" data-elementor-id=\"357\" class=\"elementor elementor-357\" data-elementor-post-type=\"page\">\n\t\t\t\t\t\t\t\t\t<section class=\"elementor-section elementor-top-section elementor-element elementor-element-5d9c8e70 elementor-section-boxed elementor-section-height-default elementor-section-height-default\" data-id=\"5d9c8e70\" data-element_type=\"section\">\n\t\t\t\t\t\t<div class=\"elementor-container elementor-column-gap-default\">\n\t\t\t\t\t<div class=\"elementor-column elementor-col-100 elementor-top-column elementor-element elementor-element-bb4fa8d\" data-id=\"bb4fa8d\" data-element_type=\"column\">\n\t\t\t<div class=\"elementor-widget-wrap elementor-element-populated\">\n\t\t\t\t\t\t\t\t<div class=\"elementor-element elementor-element-46e9769c elementor-widget elementor-widget-image\" data-id=\"46e9769c\" data-element_type=\"widget\" data-widget_type=\"image.default\">\n\t\t\t\t<div class=\"elementor-widget-container\">\n\t\t\t<style>\/*! elementor - v3.17.0 - 08-11-2023 *\/\n.elementor-widget-image{text-align:center}.elementor-widget-image a{display:inline-block}.elementor-widget-image a img[src$=\".svg\"]{width:48px}.elementor-widget-image img{vertical-align:middle;display:inline-block}<\/style>\t\t\t\t\t\t\t\t\t\t\t\t<img loading=\"lazy\" decoding=\"async\" width=\"300\" height=\"300\" src=\"https:\/\/mapasolucoes.com\/wp-content\/uploads\/2023\/02\/REGULARIZACAO-FUNDIARIA-300x300.png\" class=\"attachment-medium size-medium wp-image-502\" alt=\"\" srcset=\"https:\/\/mapasolucoes.com\/wp-content\/uploads\/2023\/02\/REGULARIZACAO-FUNDIARIA-300x300.png 300w, https:\/\/mapasolucoes.com\/wp-content\/uploads\/2023\/02\/REGULARIZACAO-FUNDIARIA-150x150.png 150w, https:\/\/mapasolucoes.com\/wp-content\/uploads\/2023\/02\/REGULARIZACAO-FUNDIARIA.png 400w\" sizes=\"auto, (max-width: 300px) 100vw, 300px\" \/>\t\t\t\t\t\t\t\t\t\t\t\t\t\t\t<\/div>\n\t\t\t\t<\/div>\n\t\t\t\t\t<\/div>\n\t\t<\/div>\n\t\t\t\t\t\t\t<\/div>\n\t\t<\/section>\n\t\t\t\t<section class=\"elementor-section elementor-top-section elementor-element elementor-element-68270fbb elementor-section-boxed elementor-section-height-default elementor-section-height-default\" data-id=\"68270fbb\" data-element_type=\"section\">\n\t\t\t\t\t\t<div class=\"elementor-container elementor-column-gap-default\">\n\t\t\t\t\t<div class=\"elementor-column elementor-col-100 elementor-top-column elementor-element elementor-element-6c97285a\" data-id=\"6c97285a\" data-element_type=\"column\">\n\t\t\t<div class=\"elementor-widget-wrap elementor-element-populated\">\n\t\t\t\t\t\t\t\t<section class=\"elementor-section elementor-inner-section elementor-element elementor-element-626f782a elementor-section-boxed elementor-section-height-default elementor-section-height-default\" data-id=\"626f782a\" data-element_type=\"section\">\n\t\t\t\t\t\t<div class=\"elementor-container elementor-column-gap-default\">\n\t\t\t\t\t<div class=\"elementor-column elementor-col-50 elementor-inner-column elementor-element elementor-element-25bb58c5\" data-id=\"25bb58c5\" data-element_type=\"column\">\n\t\t\t<div class=\"elementor-widget-wrap elementor-element-populated\">\n\t\t\t\t\t\t\t\t<div class=\"elementor-element elementor-element-654f0bbb elementor-widget elementor-widget-image\" data-id=\"654f0bbb\" data-element_type=\"widget\" data-widget_type=\"image.default\">\n\t\t\t\t<div class=\"elementor-widget-container\">\n\t\t\t\t\t\t\t\t\t\t\t\t\t\t\t<img loading=\"lazy\" decoding=\"async\" width=\"800\" height=\"450\" src=\"https:\/\/mapasolucoes.com\/wp-content\/uploads\/2023\/02\/federico-respini-sYffw0LNr7s-unsplash-1024x576.jpg\" class=\"attachment-large size-large wp-image-359\" alt=\"\" srcset=\"https:\/\/mapasolucoes.com\/wp-content\/uploads\/2023\/02\/federico-respini-sYffw0LNr7s-unsplash-1024x576.jpg 1024w, https:\/\/mapasolucoes.com\/wp-content\/uploads\/2023\/02\/federico-respini-sYffw0LNr7s-unsplash-300x169.jpg 300w, https:\/\/mapasolucoes.com\/wp-content\/uploads\/2023\/02\/federico-respini-sYffw0LNr7s-unsplash-768x432.jpg 768w, https:\/\/mapasolucoes.com\/wp-content\/uploads\/2023\/02\/federico-respini-sYffw0LNr7s-unsplash-1536x864.jpg 1536w, https:\/\/mapasolucoes.com\/wp-content\/uploads\/2023\/02\/federico-respini-sYffw0LNr7s-unsplash-2048x1152.jpg 2048w\" sizes=\"auto, (max-width: 800px) 100vw, 800px\" \/>\t\t\t\t\t\t\t\t\t\t\t\t\t\t\t<\/div>\n\t\t\t\t<\/div>\n\t\t\t\t\t<\/div>\n\t\t<\/div>\n\t\t\t\t<div class=\"elementor-column elementor-col-50 elementor-inner-column elementor-element elementor-element-52a8c77\" data-id=\"52a8c77\" data-element_type=\"column\">\n\t\t\t<div class=\"elementor-widget-wrap elementor-element-populated\">\n\t\t\t\t\t\t\t\t<div class=\"elementor-element elementor-element-2a7fee17 elementor-widget elementor-widget-text-editor\" data-id=\"2a7fee17\" data-element_type=\"widget\" data-widget_type=\"text-editor.default\">\n\t\t\t\t<div class=\"elementor-widget-container\">\n\t\t\t<style>\/*! elementor - v3.17.0 - 08-11-2023 *\/\n.elementor-widget-text-editor.elementor-drop-cap-view-stacked .elementor-drop-cap{background-color:#69727d;color:#fff}.elementor-widget-text-editor.elementor-drop-cap-view-framed .elementor-drop-cap{color:#69727d;border:3px solid;background-color:transparent}.elementor-widget-text-editor:not(.elementor-drop-cap-view-default) .elementor-drop-cap{margin-top:8px}.elementor-widget-text-editor:not(.elementor-drop-cap-view-default) .elementor-drop-cap-letter{width:1em;height:1em}.elementor-widget-text-editor .elementor-drop-cap{float:left;text-align:center;line-height:1;font-size:50px}.elementor-widget-text-editor .elementor-drop-cap-letter{display:inline-block}<\/style>\t\t\t\t<p>A regulariza\u00e7\u00e3o fundi\u00e1ria visa <strong>legalizar e titularizar<\/strong> os ocupantes do im\u00f3vel e consiste no conjunto de medidas jur\u00eddicas, ambientais e sociais.<\/p>\n<p>Realizando a regulariza\u00e7\u00e3o, o propriet\u00e1rio tem a garantia de <strong>fun\u00e7\u00e3o social da propriedade<\/strong>.<\/p>\n<p>Visando a promo\u00e7\u00e3o do desenvolvimento sustent\u00e1vel nos estados do Maranh\u00e3o e Par\u00e1, n\u00f3s da MAPA SOLU\u00c7\u00d5ES possu\u00edmos equipe multidisciplinar capacitada para <strong>planejar, projetar e acompanhar<\/strong> a regulariza\u00e7\u00e3o fundi\u00e1ria do seu im\u00f3vel e auxiliar no cumprimento das exig\u00eancias t\u00e9cnicas e legais atrav\u00e9s de servi\u00e7os como:<\/p>\n<ul>\n<li><strong>Desmembramento e Remembramento;<\/strong><\/li>\n<li><strong>Georreferenciamento;<\/strong><\/li>\n<li><strong>Certifica\u00e7\u00e3o de Im\u00f3veis Rurais no INCRA;<\/strong><\/li>\n<li><strong>CAR \u2013 Cadastro Ambiental Rural;<\/strong><\/li>\n<li><strong>Certificado de Cadastro do Im\u00f3vel Rural (CCIR);<\/strong><\/li>\n<li><strong>Imposto sobre a Propriedade Territorial Rural (ITR);<\/strong><\/li>\n<li><strong>Assessoria Jur\u00eddica.<\/strong><\/li>\n<\/ul>\n<p>Estamos preparados a apresentar solu\u00e7\u00f5es de acordo com suas necessidades.<\/p>\n<p><strong>Fa\u00e7a-nos uma consulta.<\/strong><\/p>\t\t\t\t\t\t<\/div>\n\t\t\t\t<\/div>\n\t\t\t\t\t<\/div>\n\t\t<\/div>\n\t\t\t\t\t\t\t<\/div>\n\t\t<\/section>\n\t\t\t\t\t<\/div>\n\t\t<\/div>\n\t\t\t\t\t\t\t<\/div>\n\t\t<\/section>\n\t\t\t\t\t\t\t<\/div>\n\t\t","protected":false},"excerpt":{"rendered":"<p>A regulariza\u00e7\u00e3o fundi\u00e1ria visa legalizar e titularizar os ocupantes do im\u00f3vel e consiste no conjunto de medidas jur\u00eddicas, ambientais e sociais. Realizando a regulariza\u00e7\u00e3o, o propriet\u00e1rio tem a garantia de fun\u00e7\u00e3o social da propriedade. Visando a promo\u00e7\u00e3o do desenvolvimento sustent\u00e1vel nos estados do Maranh\u00e3o e Par\u00e1, n\u00f3s da MAPA SOLU\u00c7\u00d5ES possu\u00edmos equipe multidisciplinar capacitada para [&hellip;]<\/p>\n","protected":false},"author":1,"featured_media":0,"parent":0,"menu_order":0,"comment_status":"closed","ping_status":"closed","template":"elementor_header_footer","meta":{"_joinchat":[],"footnotes":""},"class_list":["post-357","page","type-page","status-publish","hentry"],"yoast_head":"<!-- This site is optimized with the Yoast SEO plugin v21.5 - https:\/\/yoast.com\/wordpress\/plugins\/seo\/ -->\n<title>[Servi\u00e7os] \u2013 REGULA\u00c7\u00c3O FUNDI\u00c1RIA - Mapa Solucoes<\/title>\n<meta name=\"robots\" content=\"index, follow, max-snippet:-1, max-image-preview:large, max-video-preview:-1\" \/>\n<link rel=\"canonical\" href=\"https:\/\/mapasolucoes.com\/index.php\/servicos-regulacao-fundiaria\/\" \/>\n<meta property=\"og:locale\" content=\"pt_PT\" \/>\n<meta property=\"og:type\" content=\"article\" \/>\n<meta property=\"og:title\" content=\"[Servi\u00e7os] \u2013 REGULA\u00c7\u00c3O FUNDI\u00c1RIA - Mapa Solucoes\" \/>\n<meta property=\"og:description\" content=\"A regulariza\u00e7\u00e3o fundi\u00e1ria visa legalizar e titularizar os ocupantes do im\u00f3vel e consiste no conjunto de medidas jur\u00eddicas, ambientais e sociais. Realizando a regulariza\u00e7\u00e3o, o propriet\u00e1rio tem a garantia de fun\u00e7\u00e3o social da propriedade. Visando a promo\u00e7\u00e3o do desenvolvimento sustent\u00e1vel nos estados do Maranh\u00e3o e Par\u00e1, n\u00f3s da MAPA SOLU\u00c7\u00d5ES possu\u00edmos equipe multidisciplinar capacitada para [&hellip;]\" \/>\n<meta property=\"og:url\" content=\"https:\/\/mapasolucoes.com\/index.php\/servicos-regulacao-fundiaria\/\" \/>\n<meta property=\"og:site_name\" content=\"Mapa Solucoes\" \/>\n<meta property=\"article:publisher\" content=\"https:\/\/www.facebook.com\/people\/MAPA-Solues\/100090357625675\/?is_tour_completed=true\" \/>\n<meta property=\"article:modified_time\" content=\"2023-03-01T14:18:49+00:00\" \/>\n<meta property=\"og:image\" content=\"https:\/\/mapasolucoes.com\/wp-content\/uploads\/2023\/02\/REGULARIZACAO-FUNDIARIA-300x300.png\" \/>\n<meta name=\"twitter:card\" content=\"summary_large_image\" \/>\n<meta name=\"twitter:label1\" content=\"Tempo estimado de leitura\" \/>\n\t<meta name=\"twitter:data1\" content=\"1 minuto\" \/>\n<script type=\"application\/ld+json\" class=\"yoast-schema-graph\">{\"@context\":\"https:\/\/schema.org\",\"@graph\":[{\"@type\":\"WebPage\",\"@id\":\"https:\/\/mapasolucoes.com\/index.php\/servicos-regulacao-fundiaria\/\",\"url\":\"https:\/\/mapasolucoes.com\/index.php\/servicos-regulacao-fundiaria\/\",\"name\":\"[Servi\u00e7os] \u2013 REGULA\u00c7\u00c3O FUNDI\u00c1RIA - Mapa Solucoes\",\"isPartOf\":{\"@id\":\"https:\/\/mapasolucoes.com\/#website\"},\"datePublished\":\"2023-02-03T18:59:25+00:00\",\"dateModified\":\"2023-03-01T14:18:49+00:00\",\"breadcrumb\":{\"@id\":\"https:\/\/mapasolucoes.com\/index.php\/servicos-regulacao-fundiaria\/#breadcrumb\"},\"inLanguage\":\"pt-PT\",\"potentialAction\":[{\"@type\":\"ReadAction\",\"target\":[\"https:\/\/mapasolucoes.com\/index.php\/servicos-regulacao-fundiaria\/\"]}]},{\"@type\":\"BreadcrumbList\",\"@id\":\"https:\/\/mapasolucoes.com\/index.php\/servicos-regulacao-fundiaria\/#breadcrumb\",\"itemListElement\":[{\"@type\":\"ListItem\",\"position\":1,\"name\":\"In\u00edcio\",\"item\":\"https:\/\/mapasolucoes.com\/\"},{\"@type\":\"ListItem\",\"position\":2,\"name\":\"[Servi\u00e7os] \u2013 REGULA\u00c7\u00c3O FUNDI\u00c1RIA\"}]},{\"@type\":\"WebSite\",\"@id\":\"https:\/\/mapasolucoes.com\/#website\",\"url\":\"https:\/\/mapasolucoes.com\/\",\"name\":\"Mapa Solucoes\",\"description\":\"\",\"publisher\":{\"@id\":\"https:\/\/mapasolucoes.com\/#organization\"},\"potentialAction\":[{\"@type\":\"SearchAction\",\"target\":{\"@type\":\"EntryPoint\",\"urlTemplate\":\"https:\/\/mapasolucoes.com\/?s={search_term_string}\"},\"query-input\":\"required name=search_term_string\"}],\"inLanguage\":\"pt-PT\"},{\"@type\":\"Organization\",\"@id\":\"https:\/\/mapasolucoes.com\/#organization\",\"name\":\"Mapa Solucoes\",\"url\":\"https:\/\/mapasolucoes.com\/\",\"logo\":{\"@type\":\"ImageObject\",\"inLanguage\":\"pt-PT\",\"@id\":\"https:\/\/mapasolucoes.com\/#\/schema\/logo\/image\/\",\"url\":\"https:\/\/mapasolucoes.com\/wp-content\/uploads\/2023\/01\/LOGO-MAPA-1.png\",\"contentUrl\":\"https:\/\/mapasolucoes.com\/wp-content\/uploads\/2023\/01\/LOGO-MAPA-1.png\",\"width\":1222,\"height\":545,\"caption\":\"Mapa Solucoes\"},\"image\":{\"@id\":\"https:\/\/mapasolucoes.com\/#\/schema\/logo\/image\/\"},\"sameAs\":[\"https:\/\/www.facebook.com\/people\/MAPA-Solues\/100090357625675\/?is_tour_completed=true\",\"https:\/\/www.instagram.com\/mapasolucoescom\/\",\"https:\/\/www.linkedin.com\/company\/mapasolues\/\"]}]}<\/script>\n<!-- \/ Yoast SEO plugin. -->","yoast_head_json":{"title":"[Servi\u00e7os] \u2013 REGULA\u00c7\u00c3O FUNDI\u00c1RIA - Mapa Solucoes","robots":{"index":"index","follow":"follow","max-snippet":"max-snippet:-1","max-image-preview":"max-image-preview:large","max-video-preview":"max-video-preview:-1"},"canonical":"https:\/\/mapasolucoes.com\/index.php\/servicos-regulacao-fundiaria\/","og_locale":"pt_PT","og_type":"article","og_title":"[Servi\u00e7os] \u2013 REGULA\u00c7\u00c3O FUNDI\u00c1RIA - Mapa Solucoes","og_description":"A regulariza\u00e7\u00e3o fundi\u00e1ria visa legalizar e titularizar os ocupantes do im\u00f3vel e consiste no conjunto de medidas jur\u00eddicas, ambientais e sociais. Realizando a regulariza\u00e7\u00e3o, o propriet\u00e1rio tem a garantia de fun\u00e7\u00e3o social da propriedade. Visando a promo\u00e7\u00e3o do desenvolvimento sustent\u00e1vel nos estados do Maranh\u00e3o e Par\u00e1, n\u00f3s da MAPA SOLU\u00c7\u00d5ES possu\u00edmos equipe multidisciplinar capacitada para [&hellip;]","og_url":"https:\/\/mapasolucoes.com\/index.php\/servicos-regulacao-fundiaria\/","og_site_name":"Mapa Solucoes","article_publisher":"https:\/\/www.facebook.com\/people\/MAPA-Solues\/100090357625675\/?is_tour_completed=true","article_modified_time":"2023-03-01T14:18:49+00:00","og_image":[{"url":"https:\/\/mapasolucoes.com\/wp-content\/uploads\/2023\/02\/REGULARIZACAO-FUNDIARIA-300x300.png"}],"twitter_card":"summary_large_image","twitter_misc":{"Tempo estimado de leitura":"1 minuto"},"schema":{"@context":"https:\/\/schema.org","@graph":[{"@type":"WebPage","@id":"https:\/\/mapasolucoes.com\/index.php\/servicos-regulacao-fundiaria\/","url":"https:\/\/mapasolucoes.com\/index.php\/servicos-regulacao-fundiaria\/","name":"[Servi\u00e7os] \u2013 REGULA\u00c7\u00c3O FUNDI\u00c1RIA - Mapa Solucoes","isPartOf":{"@id":"https:\/\/mapasolucoes.com\/#website"},"datePublished":"2023-02-03T18:59:25+00:00","dateModified":"2023-03-01T14:18:49+00:00","breadcrumb":{"@id":"https:\/\/mapasolucoes.com\/index.php\/servicos-regulacao-fundiaria\/#breadcrumb"},"inLanguage":"pt-PT","potentialAction":[{"@type":"ReadAction","target":["https:\/\/mapasolucoes.com\/index.php\/servicos-regulacao-fundiaria\/"]}]},{"@type":"BreadcrumbList","@id":"https:\/\/mapasolucoes.com\/index.php\/servicos-regulacao-fundiaria\/#breadcrumb","itemListElement":[{"@type":"ListItem","position":1,"name":"In\u00edcio","item":"https:\/\/mapasolucoes.com\/"},{"@type":"ListItem","position":2,"name":"[Servi\u00e7os] \u2013 REGULA\u00c7\u00c3O FUNDI\u00c1RIA"}]},{"@type":"WebSite","@id":"https:\/\/mapasolucoes.com\/#website","url":"https:\/\/mapasolucoes.com\/","name":"Mapa Solucoes","description":"","publisher":{"@id":"https:\/\/mapasolucoes.com\/#organization"},"potentialAction":[{"@type":"SearchAction","target":{"@type":"EntryPoint","urlTemplate":"https:\/\/mapasolucoes.com\/?s={search_term_string}"},"query-input":"required name=search_term_string"}],"inLanguage":"pt-PT"},{"@type":"Organization","@id":"https:\/\/mapasolucoes.com\/#organization","name":"Mapa Solucoes","url":"https:\/\/mapasolucoes.com\/","logo":{"@type":"ImageObject","inLanguage":"pt-PT","@id":"https:\/\/mapasolucoes.com\/#\/schema\/logo\/image\/","url":"https:\/\/mapasolucoes.com\/wp-content\/uploads\/2023\/01\/LOGO-MAPA-1.png","contentUrl":"https:\/\/mapasolucoes.com\/wp-content\/uploads\/2023\/01\/LOGO-MAPA-1.png","width":1222,"height":545,"caption":"Mapa Solucoes"},"image":{"@id":"https:\/\/mapasolucoes.com\/#\/schema\/logo\/image\/"},"sameAs":["https:\/\/www.facebook.com\/people\/MAPA-Solues\/100090357625675\/?is_tour_completed=true","https:\/\/www.instagram.com\/mapasolucoescom\/","https:\/\/www.linkedin.com\/company\/mapasolues\/"]}]}},"_links":{"self":[{"href":"https:\/\/mapasolucoes.com\/index.php\/wp-json\/wp\/v2\/pages\/357","targetHints":{"allow":["GET"]}}],"collection":[{"href":"https:\/\/mapasolucoes.com\/index.php\/wp-json\/wp\/v2\/pages"}],"about":[{"href":"https:\/\/mapasolucoes.com\/index.php\/wp-json\/wp\/v2\/types\/page"}],"author":[{"embeddable":true,"href":"https:\/\/mapasolucoes.com\/index.php\/wp-json\/wp\/v2\/users\/1"}],"replies":[{"embeddable":true,"href":"https:\/\/mapasolucoes.com\/index.php\/wp-json\/wp\/v2\/comments?post=357"}],"version-history":[{"count":46,"href":"https:\/\/mapasolucoes.com\/index.php\/wp-json\/wp\/v2\/pages\/357\/revisions"}],"predecessor-version":[{"id":1364,"href":"https:\/\/mapasolucoes.com\/index.php\/wp-json\/wp\/v2\/pages\/357\/revisions\/1364"}],"wp:attachment":[{"href":"https:\/\/mapasolucoes.com\/index.php\/wp-json\/wp\/v2\/media?parent=357"}],"curies":[{"name":"wp","href":"https:\/\/api.w.org\/{rel}","templated":true}]}}